{"id":1173,"date":"2020-08-19T03:22:09","date_gmt":"2020-08-19T00:22:09","guid":{"rendered":"http:\/\/demo.ovathemes.com\/egovt\/?page_id=1173"},"modified":"2021-07-05T01:18:55","modified_gmt":"2021-07-04T22:18:55","slug":"cevre-politikamiz","status":"publish","type":"page","link":"https:\/\/www.molkimya.com.tr\/en\/cevre-politikamiz\/","title":{"rendered":"Environment Policy"},"content":{"rendered":"<div data-elementor-type=\"wp-page\" data-elementor-id=\"1173\" class=\"elementor elementor-1173\" data-elementor-settings=\"[]\">\n\t\t\t\t\t\t\t<div class=\"elementor-section-wrap\">\n\t\t\t\t\t\t\t<section class=\"elementor-section elementor-top-section elementor-element elementor-element-0282239 elementor-reverse-mobile elementor-section-boxed elementor-section-height-default elementor-section-height-default\" data-id=\"0282239\" data-element_type=\"section\">\n\t\t\t\t\t\t<div class=\"elementor-container elementor-column-gap-default\">\n\t\t\t\t\t<div class=\"elementor-column elementor-col-50 elementor-top-column elementor-element elementor-element-45b2149\" data-id=\"45b2149\" data-element_type=\"column\">\n\t\t\t<div class=\"elementor-widget-wrap elementor-element-populated\">\n\t\t\t\t\t\t\t\t<div class=\"elementor-element elementor-element-88a61e9 elementor-widget elementor-widget-image\" data-id=\"88a61e9\" data-element_type=\"widget\" data-widget_type=\"image.default\">\n\t\t\t\t<div class=\"elementor-widget-container\">\n\t\t\t\t\t\t\t\t\t\t\t\t\t\t\t<img decoding=\"async\" width=\"1024\" height=\"767\" data-src=\"https:\/\/www.molkimya.com.tr\/wp-content\/uploads\/2020\/07\/1831326-1024x767.jpg\" class=\"attachment-large size-large lazyload\" alt=\"\" data-srcset=\"https:\/\/www.molkimya.com.tr\/wp-content\/uploads\/2020\/07\/1831326-1024x767.jpg 1024w, https:\/\/www.molkimya.com.tr\/wp-content\/uploads\/2020\/07\/1831326-300x225.jpg 300w, https:\/\/www.molkimya.com.tr\/wp-content\/uploads\/2020\/07\/1831326-768x575.jpg 768w, https:\/\/www.molkimya.com.tr\/wp-content\/uploads\/2020\/07\/1831326-1536x1150.jpg 1536w, https:\/\/www.molkimya.com.tr\/wp-content\/uploads\/2020\/07\/1831326-2048x1533.jpg 2048w, https:\/\/www.molkimya.com.tr\/wp-content\/uploads\/2020\/07\/1831326-600x449.jpg 600w, https:\/\/www.molkimya.com.tr\/wp-content\/uploads\/2020\/07\/1831326-560x419.jpg 560w\" data-sizes=\"(max-width: 1024px) 100vw, 1024px\" src=\"data:image\/svg+xml;base64,PHN2ZyB3aWR0aD0iMSIgaGVpZ2h0PSIxIiB4bWxucz0iaHR0cDovL3d3dy53My5vcmcvMjAwMC9zdmciPjwvc3ZnPg==\" style=\"--smush-placeholder-width: 1024px; --smush-placeholder-aspect-ratio: 1024\/767;\" \/>\t\t\t\t\t\t\t\t\t\t\t\t\t\t\t<\/div>\n\t\t\t\t<\/div>\n\t\t\t\t\t<\/div>\n\t\t<\/div>\n\t\t\t\t<div class=\"elementor-column elementor-col-50 elementor-top-column elementor-element elementor-element-f6ee3e2\" data-id=\"f6ee3e2\" data-element_type=\"column\">\n\t\t\t<div class=\"elementor-widget-wrap elementor-element-populated\">\n\t\t\t\t\t\t\t\t<div class=\"elementor-element elementor-element-f7a9826 elementor-widget elementor-widget-heading\" data-id=\"f7a9826\" data-element_type=\"widget\" data-widget_type=\"heading.default\">\n\t\t\t\t<div class=\"elementor-widget-container\">\n\t\t\t<h2 class=\"elementor-heading-title elementor-size-xl\"><br>Environment Policy\n<\/h2>\t\t<\/div>\n\t\t\t\t<\/div>\n\t\t\t\t<div class=\"elementor-element elementor-element-e585d15 elementor-widget elementor-widget-text-editor\" data-id=\"e585d15\" data-element_type=\"widget\" data-widget_type=\"text-editor.default\">\n\t\t\t\t<div class=\"elementor-widget-container\">\n\t\t\t\t\t\t\t\t<p>Management objectives and targets are established and reviewed on a regular basis to implement the Environmental Policy. These are based on a commitment to the following environmental principles:<\/p><ul><li>Prevention of pollution\nminimisation of energy and material usage and the production of waste.<br>\nEffective and responsible waste management and disposal<br>\n\nMaintaining high workforce awareness of environmental issues<\/li><li>Involving suppliers, contractors in environmental initiatives<\/li><li>Continually Improving the company\u2019s performance<\/li><li>Promoting product reuse and recycling<br><\/li><\/ul>\t\t\t\t\t\t<\/div>\n\t\t\t\t<\/div>\n\t\t\t\t\t<\/div>\n\t\t<\/div>\n\t\t\t\t\t\t\t<\/div>\n\t\t<\/section>\n\t\t\t\t\t\t<\/div>\n\t\t\t\t\t<\/div>","protected":false},"excerpt":{"rendered":"<p>\u00c7evre Politikam\u0131z S\u00fcrd\u00fcr\u00fclebilir geli\u015fmeye a\u00e7\u0131k ve daha ye\u015fil bir gelecek i\u00e7in; \u00dcr\u00fcnlerimizin \u00e7evresel etkilerine ili\u015fkin de\u011ferlendirmeleri, \u00fcr\u00fcn tasar\u0131m s\u00fcrecine dahil etmek, herhangi bir yeni s\u00fcreci uygulamaya koymadan \u00f6nce s\u00fcrecin \u00e7evresel etkilerini de\u011ferlendirmek. B\u00fct\u00fcn ulusal ve uluslararas\u0131 yasal gereklilikler ve d\u00fczenlemelere uymak. Do\u011fal kaynaklar\u0131n kirlenmesini \u00f6nlemeye y\u00f6nelik \u00e7al\u0131\u015fmalar yapmak. \u00c7evre bilincini \u015firket i\u00e7inde t\u00fcm personelimizde s\u00fcrekli [&hellip;]<\/p>","protected":false},"author":1,"featured_media":1208,"parent":0,"menu_order":0,"comment_status":"closed","ping_status":"closed","template":"elementor_header_footer","meta":{"footnotes":""},"class_list":["post-1173","page","type-page","status-publish","has-post-thumbnail","hentry"],"yoast_head":"<!-- This site is optimized with the Yoast SEO plugin v24.6 - https:\/\/yoast.com\/wordpress\/plugins\/seo\/ -->\n<title>\u00c7evre Politikam\u0131z - Mol Kimya<\/title>\n<meta name=\"robots\" content=\"index, follow, max-snippet:-1, max-image-preview:large, max-video-preview:-1\" \/>\n<link rel=\"canonical\" href=\"https:\/\/www.molkimya.com.tr\/en\/cevre-politikamiz\/\" \/>\n<meta property=\"og:locale\" content=\"en_US\" \/>\n<meta property=\"og:type\" content=\"article\" \/>\n<meta property=\"og:title\" content=\"\u00c7evre Politikam\u0131z - Mol Kimya\" \/>\n<meta property=\"og:description\" content=\"\u00c7evre Politikam\u0131z S\u00fcrd\u00fcr\u00fclebilir geli\u015fmeye a\u00e7\u0131k ve daha ye\u015fil bir gelecek i\u00e7in; \u00dcr\u00fcnlerimizin \u00e7evresel etkilerine ili\u015fkin de\u011ferlendirmeleri, \u00fcr\u00fcn tasar\u0131m s\u00fcrecine dahil etmek, herhangi bir yeni s\u00fcreci uygulamaya koymadan \u00f6nce s\u00fcrecin \u00e7evresel etkilerini de\u011ferlendirmek. B\u00fct\u00fcn ulusal ve uluslararas\u0131 yasal gereklilikler ve d\u00fczenlemelere uymak. Do\u011fal kaynaklar\u0131n kirlenmesini \u00f6nlemeye y\u00f6nelik \u00e7al\u0131\u015fmalar yapmak. \u00c7evre bilincini \u015firket i\u00e7inde t\u00fcm personelimizde s\u00fcrekli [&hellip;]\" \/>\n<meta property=\"og:url\" content=\"https:\/\/www.molkimya.com.tr\/en\/cevre-politikamiz\/\" \/>\n<meta property=\"og:site_name\" content=\"Mol Kimya\" \/>\n<meta property=\"article:modified_time\" content=\"2021-07-04T22:18:55+00:00\" \/>\n<meta property=\"og:image\" content=\"https:\/\/www.molkimya.com.tr\/wp-content\/uploads\/2020\/08\/bg_head_faq.jpg\" \/>\n\t<meta property=\"og:image:width\" content=\"1920\" \/>\n\t<meta property=\"og:image:height\" content=\"300\" \/>\n\t<meta property=\"og:image:type\" content=\"image\/jpeg\" \/>\n<meta name=\"twitter:card\" content=\"summary_large_image\" \/>\n<script type=\"application\/ld+json\" class=\"yoast-schema-graph\">{\"@context\":\"https:\/\/schema.org\",\"@graph\":[{\"@type\":\"WebPage\",\"@id\":\"https:\/\/www.molkimya.com.tr\/cevre-politikamiz\/\",\"url\":\"https:\/\/www.molkimya.com.tr\/cevre-politikamiz\/\",\"name\":\"\u00c7evre Politikam\u0131z - Mol Kimya\",\"isPartOf\":{\"@id\":\"https:\/\/www.molkimya.com.tr\/#website\"},\"primaryImageOfPage\":{\"@id\":\"https:\/\/www.molkimya.com.tr\/cevre-politikamiz\/#primaryimage\"},\"image\":{\"@id\":\"https:\/\/www.molkimya.com.tr\/cevre-politikamiz\/#primaryimage\"},\"thumbnailUrl\":\"https:\/\/www.molkimya.com.tr\/wp-content\/uploads\/2020\/08\/bg_head_faq.jpg\",\"datePublished\":\"2020-08-19T00:22:09+00:00\",\"dateModified\":\"2021-07-04T22:18:55+00:00\",\"breadcrumb\":{\"@id\":\"https:\/\/www.molkimya.com.tr\/cevre-politikamiz\/#breadcrumb\"},\"inLanguage\":\"en-US\",\"potentialAction\":[{\"@type\":\"ReadAction\",\"target\":[\"https:\/\/www.molkimya.com.tr\/cevre-politikamiz\/\"]}]},{\"@type\":\"ImageObject\",\"inLanguage\":\"en-US\",\"@id\":\"https:\/\/www.molkimya.com.tr\/cevre-politikamiz\/#primaryimage\",\"url\":\"https:\/\/www.molkimya.com.tr\/wp-content\/uploads\/2020\/08\/bg_head_faq.jpg\",\"contentUrl\":\"https:\/\/www.molkimya.com.tr\/wp-content\/uploads\/2020\/08\/bg_head_faq.jpg\",\"width\":1920,\"height\":300},{\"@type\":\"BreadcrumbList\",\"@id\":\"https:\/\/www.molkimya.com.tr\/cevre-politikamiz\/#breadcrumb\",\"itemListElement\":[{\"@type\":\"ListItem\",\"position\":1,\"name\":\"Ana sayfa\",\"item\":\"https:\/\/www.molkimya.com.tr\/\"},{\"@type\":\"ListItem\",\"position\":2,\"name\":\"\u00c7evre Politikam\u0131z\"}]},{\"@type\":\"WebSite\",\"@id\":\"https:\/\/www.molkimya.com.tr\/#website\",\"url\":\"https:\/\/www.molkimya.com.tr\/\",\"name\":\"Mol Kimya\",\"description\":\"Kimyasal \u00c7\u00f6z\u00fcm Orta\u011f\u0131n\u0131z\",\"alternateName\":\"molkimya.com\",\"potentialAction\":[{\"@type\":\"SearchAction\",\"target\":{\"@type\":\"EntryPoint\",\"urlTemplate\":\"https:\/\/www.molkimya.com.tr\/?s={search_term_string}\"},\"query-input\":{\"@type\":\"PropertyValueSpecification\",\"valueRequired\":true,\"valueName\":\"search_term_string\"}}],\"inLanguage\":\"en-US\"}]}<\/script>\n<!-- \/ Yoast SEO plugin. -->","yoast_head_json":{"title":"\u00c7evre Politikam\u0131z - Mol Kimya","robots":{"index":"index","follow":"follow","max-snippet":"max-snippet:-1","max-image-preview":"max-image-preview:large","max-video-preview":"max-video-preview:-1"},"canonical":"https:\/\/www.molkimya.com.tr\/en\/cevre-politikamiz\/","og_locale":"en_US","og_type":"article","og_title":"\u00c7evre Politikam\u0131z - Mol Kimya","og_description":"\u00c7evre Politikam\u0131z S\u00fcrd\u00fcr\u00fclebilir geli\u015fmeye a\u00e7\u0131k ve daha ye\u015fil bir gelecek i\u00e7in; \u00dcr\u00fcnlerimizin \u00e7evresel etkilerine ili\u015fkin de\u011ferlendirmeleri, \u00fcr\u00fcn tasar\u0131m s\u00fcrecine dahil etmek, herhangi bir yeni s\u00fcreci uygulamaya koymadan \u00f6nce s\u00fcrecin \u00e7evresel etkilerini de\u011ferlendirmek. B\u00fct\u00fcn ulusal ve uluslararas\u0131 yasal gereklilikler ve d\u00fczenlemelere uymak. Do\u011fal kaynaklar\u0131n kirlenmesini \u00f6nlemeye y\u00f6nelik \u00e7al\u0131\u015fmalar yapmak. \u00c7evre bilincini \u015firket i\u00e7inde t\u00fcm personelimizde s\u00fcrekli [&hellip;]","og_url":"https:\/\/www.molkimya.com.tr\/en\/cevre-politikamiz\/","og_site_name":"Mol Kimya","article_modified_time":"2021-07-04T22:18:55+00:00","og_image":[{"width":1920,"height":300,"url":"https:\/\/www.molkimya.com.tr\/wp-content\/uploads\/2020\/08\/bg_head_faq.jpg","type":"image\/jpeg"}],"twitter_card":"summary_large_image","schema":{"@context":"https:\/\/schema.org","@graph":[{"@type":"WebPage","@id":"https:\/\/www.molkimya.com.tr\/cevre-politikamiz\/","url":"https:\/\/www.molkimya.com.tr\/cevre-politikamiz\/","name":"\u00c7evre Politikam\u0131z - Mol Kimya","isPartOf":{"@id":"https:\/\/www.molkimya.com.tr\/#website"},"primaryImageOfPage":{"@id":"https:\/\/www.molkimya.com.tr\/cevre-politikamiz\/#primaryimage"},"image":{"@id":"https:\/\/www.molkimya.com.tr\/cevre-politikamiz\/#primaryimage"},"thumbnailUrl":"https:\/\/www.molkimya.com.tr\/wp-content\/uploads\/2020\/08\/bg_head_faq.jpg","datePublished":"2020-08-19T00:22:09+00:00","dateModified":"2021-07-04T22:18:55+00:00","breadcrumb":{"@id":"https:\/\/www.molkimya.com.tr\/cevre-politikamiz\/#breadcrumb"},"inLanguage":"en-US","potentialAction":[{"@type":"ReadAction","target":["https:\/\/www.molkimya.com.tr\/cevre-politikamiz\/"]}]},{"@type":"ImageObject","inLanguage":"en-US","@id":"https:\/\/www.molkimya.com.tr\/cevre-politikamiz\/#primaryimage","url":"https:\/\/www.molkimya.com.tr\/wp-content\/uploads\/2020\/08\/bg_head_faq.jpg","contentUrl":"https:\/\/www.molkimya.com.tr\/wp-content\/uploads\/2020\/08\/bg_head_faq.jpg","width":1920,"height":300},{"@type":"BreadcrumbList","@id":"https:\/\/www.molkimya.com.tr\/cevre-politikamiz\/#breadcrumb","itemListElement":[{"@type":"ListItem","position":1,"name":"Ana sayfa","item":"https:\/\/www.molkimya.com.tr\/"},{"@type":"ListItem","position":2,"name":"\u00c7evre Politikam\u0131z"}]},{"@type":"WebSite","@id":"https:\/\/www.molkimya.com.tr\/#website","url":"https:\/\/www.molkimya.com.tr\/","name":"Mol Kimya","description":"Kimyasal \u00c7\u00f6z\u00fcm Orta\u011f\u0131n\u0131z","alternateName":"molkimya.com","potentialAction":[{"@type":"SearchAction","target":{"@type":"EntryPoint","urlTemplate":"https:\/\/www.molkimya.com.tr\/?s={search_term_string}"},"query-input":{"@type":"PropertyValueSpecification","valueRequired":true,"valueName":"search_term_string"}}],"inLanguage":"en-US"}]}},"_links":{"self":[{"href":"https:\/\/www.molkimya.com.tr\/en\/wp-json\/wp\/v2\/pages\/1173","targetHints":{"allow":["GET"]}}],"collection":[{"href":"https:\/\/www.molkimya.com.tr\/en\/wp-json\/wp\/v2\/pages"}],"about":[{"href":"https:\/\/www.molkimya.com.tr\/en\/wp-json\/wp\/v2\/types\/page"}],"author":[{"embeddable":true,"href":"https:\/\/www.molkimya.com.tr\/en\/wp-json\/wp\/v2\/users\/1"}],"replies":[{"embeddable":true,"href":"https:\/\/www.molkimya.com.tr\/en\/wp-json\/wp\/v2\/comments?post=1173"}],"version-history":[{"count":14,"href":"https:\/\/www.molkimya.com.tr\/en\/wp-json\/wp\/v2\/pages\/1173\/revisions"}],"predecessor-version":[{"id":5927,"href":"https:\/\/www.molkimya.com.tr\/en\/wp-json\/wp\/v2\/pages\/1173\/revisions\/5927"}],"wp:featuredmedia":[{"embeddable":true,"href":"https:\/\/www.molkimya.com.tr\/en\/wp-json\/wp\/v2\/media\/1208"}],"wp:attachment":[{"href":"https:\/\/www.molkimya.com.tr\/en\/wp-json\/wp\/v2\/media?parent=1173"}],"curies":[{"name":"wp","href":"https:\/\/api.w.org\/{rel}","templated":true}]}}