{"id":1207,"date":"2020-08-19T04:14:46","date_gmt":"2020-08-19T01:14:46","guid":{"rendered":"http:\/\/demo.ovathemes.com\/egovt\/?page_id=1207"},"modified":"2021-09-06T15:43:46","modified_gmt":"2021-09-06T12:43:46","slug":"boya-yardimcilari","status":"publish","type":"page","link":"https:\/\/www.molkimya.com.tr\/en\/boya-yardimcilari\/","title":{"rendered":"Dyeing Auxiliary"},"content":{"rendered":"<div data-elementor-type=\"wp-page\" data-elementor-id=\"1207\" class=\"elementor elementor-1207\" data-elementor-settings=\"[]\">\n\t\t\t\t\t\t\t<div class=\"elementor-section-wrap\">\n\t\t\t\t\t\t\t<section class=\"elementor-section elementor-top-section elementor-element elementor-element-a529349 elementor-section-boxed elementor-section-height-default elementor-section-height-default\" data-id=\"a529349\" data-element_type=\"section\">\n\t\t\t\t\t\t<div class=\"elementor-container elementor-column-gap-default\">\n\t\t\t\t\t<div class=\"elementor-column elementor-col-100 elementor-top-column elementor-element elementor-element-f5ec0a6\" data-id=\"f5ec0a6\" data-element_type=\"column\">\n\t\t\t<div class=\"elementor-widget-wrap elementor-element-populated\">\n\t\t\t\t\t\t\t\t<div class=\"elementor-element elementor-element-84e61a4 elementor-widget-divider--view-line elementor-widget elementor-widget-divider\" data-id=\"84e61a4\" data-element_type=\"widget\" data-widget_type=\"divider.default\">\n\t\t\t\t<div class=\"elementor-widget-container\">\n\t\t\t\t\t<div class=\"elementor-divider\">\n\t\t\t<span class=\"elementor-divider-separator\">\n\t\t\t\t\t\t<\/span>\n\t\t<\/div>\n\t\t\t\t<\/div>\n\t\t\t\t<\/div>\n\t\t\t\t\t<\/div>\n\t\t<\/div>\n\t\t\t\t\t\t\t<\/div>\n\t\t<\/section>\n\t\t\t\t<section class=\"elementor-section elementor-top-section elementor-element elementor-element-118a773 elementor-section-boxed elementor-section-height-default elementor-section-height-default\" data-id=\"118a773\" data-element_type=\"section\">\n\t\t\t\t\t\t<div class=\"elementor-container elementor-column-gap-default\">\n\t\t\t\t\t<div class=\"elementor-column elementor-col-100 elementor-top-column elementor-element elementor-element-ea3de6f\" data-id=\"ea3de6f\" data-element_type=\"column\">\n\t\t\t<div class=\"elementor-widget-wrap elementor-element-populated\">\n\t\t\t\t\t\t\t\t<div class=\"elementor-element elementor-element-5cf5498 elementor-widget elementor-widget-ova_heading\" data-id=\"5cf5498\" data-element_type=\"widget\" data-widget_type=\"ova_heading.default\">\n\t\t\t\t<div class=\"elementor-widget-container\">\n\t\t\t\t\t<div class=\"ova-heading\">\n\t\t\t\n\t\t\t\t\t\t\t<h3 class=\"title second_font\">Contact for your questions<\/h3>\n\t\t\t\n\t\t\t\t\t\t\t<p class=\"sub-title\">We reply to messages within 24 hours <br>export@molkimya.com.tr<\/p>\n\t\t\t\n\t\t<\/div>\n\t\t\t\t<\/div>\n\t\t\t\t<\/div>\n\t\t\t\t\t<\/div>\n\t\t<\/div>\n\t\t\t\t\t\t\t<\/div>\n\t\t<\/section>\n\t\t\t\t<section class=\"elementor-section elementor-top-section elementor-element elementor-element-0282239 elementor-reverse-mobile elementor-section-boxed elementor-section-height-default elementor-section-height-default\" data-id=\"0282239\" data-element_type=\"section\">\n\t\t\t\t\t\t<div class=\"elementor-container elementor-column-gap-default\">\n\t\t\t\t\t<div class=\"elementor-column elementor-col-50 elementor-top-column elementor-element elementor-element-45b2149\" data-id=\"45b2149\" data-element_type=\"column\">\n\t\t\t<div class=\"elementor-widget-wrap elementor-element-populated\">\n\t\t\t\t\t\t\t\t<section class=\"elementor-section elementor-inner-section elementor-element elementor-element-80f3418 elementor-section-boxed elementor-section-height-default elementor-section-height-default\" data-id=\"80f3418\" data-element_type=\"section\">\n\t\t\t\t\t\t<div class=\"elementor-container elementor-column-gap-default\">\n\t\t\t\t\t<div class=\"elementor-column elementor-col-100 elementor-inner-column elementor-element elementor-element-c4bff27\" data-id=\"c4bff27\" data-element_type=\"column\">\n\t\t\t<div class=\"elementor-widget-wrap elementor-element-populated\">\n\t\t\t\t\t\t\t\t<div class=\"elementor-element elementor-element-1f46767 elementor-widget elementor-widget-ova_list_link\" data-id=\"1f46767\" data-element_type=\"widget\" data-widget_type=\"ova_list_link.default\">\n\t\t\t\t<div class=\"elementor-widget-container\">\n\t\t\t\t\t<div class=\"ova_list_link box-shadow\">\n\t\t\t\t\t\t<h3 class=\"title\">\n\t\t\t\tProducts\t\t\t<\/h3>\n\t\t\t\t\t\t\t\t\t<ul class=\"content\">\n\t\t\t\t\t\t\t\t\t<li class=\"item\">\n\t\t\t\t\t\t<a href=\"https:\/\/www.molkimya.com.tr\/en\/on-islem-kimyasallari\/\">\n\t\t\t\t\t\t\tPre-Treatment Chemicals\t\t\t\t\t\t\t\t\t\t\t\t\t\t<span class=\"icon\">\n\t\t\t\t\t\t\t\t<i data-feather=\"chevron-right\"><\/i>\n\t\t\t\t\t\t\t<\/span>\n\t\t\t\t\t\t    \t\t\t\t\t\t    \t\t\t\t\t\t\t<span class=\"icon-hover\">\n\t\t\t\t\t\t\t\t<i data-feather=\"arrow-right\"><\/i>\n\t\t\t\t\t\t\t<\/span>\n\t\t\t\t\t\t\t \t\t\t\t\t\t<\/a>\n\n\t\t\t\t\t<\/li>\n\t\t\t\t\t\t\t\t\t<li class=\"item\">\n\t\t\t\t\t\t<a href=\"https:\/\/www.molkimya.com.tr\/en\/boya-yardimcilari\/\">\n\t\t\t\t\t\t\tDyeing Auxiliary \t\t\t\t\t\t\t\t\t\t\t\t\t\t<span class=\"icon\">\n\t\t\t\t\t\t\t\t<i data-feather=\"chevron-right\"><\/i>\n\t\t\t\t\t\t\t<\/span>\n\t\t\t\t\t\t    \t\t\t\t\t\t    \t\t\t\t\t\t\t<span class=\"icon-hover\">\n\t\t\t\t\t\t\t\t<i data-feather=\"arrow-right\"><\/i>\n\t\t\t\t\t\t\t<\/span>\n\t\t\t\t\t\t\t \t\t\t\t\t\t<\/a>\n\n\t\t\t\t\t<\/li>\n\t\t\t\t\t\t\t\t\t<li class=\"item\">\n\t\t\t\t\t\t<a href=\"https:\/\/www.molkimya.com.tr\/en\/bitis-islem-kimyasallari\/\">\n\t\t\t\t\t\t\tFinishing Chemicals\t\t\t\t\t\t\t\t\t\t\t\t\t\t<span class=\"icon\">\n\t\t\t\t\t\t\t\t<i data-feather=\"chevron-right\"><\/i>\n\t\t\t\t\t\t\t<\/span>\n\t\t\t\t\t\t    \t\t\t\t\t\t    \t\t\t\t\t\t\t<span class=\"icon-hover\">\n\t\t\t\t\t\t\t\t<i data-feather=\"arrow-right\"><\/i>\n\t\t\t\t\t\t\t<\/span>\n\t\t\t\t\t\t\t \t\t\t\t\t\t<\/a>\n\n\t\t\t\t\t<\/li>\n\t\t\t\t\t\t\t\t\t<li class=\"item\">\n\t\t\t\t\t\t<a href=\"https:\/\/www.molkimya.com.tr\/en\/optikler-ozel-kimyasallar\/\">\n\t\t\t\t\t\t\tOptical Brighteners&amp;Special Chemicals\t\t\t\t\t\t\t\t\t\t\t\t\t\t<span class=\"icon\">\n\t\t\t\t\t\t\t\t<i data-feather=\"chevron-right\"><\/i>\n\t\t\t\t\t\t\t<\/span>\n\t\t\t\t\t\t    \t\t\t\t\t\t    \t\t\t\t\t\t\t<span class=\"icon-hover\">\n\t\t\t\t\t\t\t\t<i data-feather=\"arrow-right\"><\/i>\n\t\t\t\t\t\t\t<\/span>\n\t\t\t\t\t\t\t \t\t\t\t\t\t<\/a>\n\n\t\t\t\t\t<\/li>\n\t\t\t\t\t\t\t\t\t<li class=\"item\">\n\t\t\t\t\t\t<a href=\"https:\/\/www.molkimya.com.tr\/en\/baski-patlari\/\">\n\t\t\t\t\t\t\tTextile Printing Thickeners\t\t\t\t\t\t\t\t\t\t\t\t\t\t<span class=\"icon\">\n\t\t\t\t\t\t\t\t<i data-feather=\"chevron-right\"><\/i>\n\t\t\t\t\t\t\t<\/span>\n\t\t\t\t\t\t    \t\t\t\t\t\t    \t\t\t\t\t\t\t<span class=\"icon-hover\">\n\t\t\t\t\t\t\t\t<i data-feather=\"arrow-right\"><\/i>\n\t\t\t\t\t\t\t<\/span>\n\t\t\t\t\t\t\t \t\t\t\t\t\t<\/a>\n\n\t\t\t\t\t<\/li>\n\t\t\t\t\t\t\t\t\t<li class=\"item\">\n\t\t\t\t\t\t<a href=\"https:\/\/www.molkimya.com.tr\/en\/ana-kimyasallar\/#\">\n\t\t\t\t\t\t\tGeneral Chemicals\t\t\t\t\t\t\t\t\t\t\t\t\t\t<span class=\"icon\">\n\t\t\t\t\t\t\t\t<i data-feather=\"chevron-right\"><\/i>\n\t\t\t\t\t\t\t<\/span>\n\t\t\t\t\t\t    \t\t\t\t\t\t    \t\t\t\t\t\t\t<span class=\"icon-hover\">\n\t\t\t\t\t\t\t\t<i data-feather=\"arrow-right\"><\/i>\n\t\t\t\t\t\t\t<\/span>\n\t\t\t\t\t\t\t \t\t\t\t\t\t<\/a>\n\n\t\t\t\t\t<\/li>\n\t\t\t\t\t\t\t<\/ul>\n\t\t\t\t\t<\/div>\n\t\t\t\t<\/div>\n\t\t\t\t<\/div>\n\t\t\t\t\t<\/div>\n\t\t<\/div>\n\t\t\t\t\t\t\t<\/div>\n\t\t<\/section>\n\t\t\t\t\t<\/div>\n\t\t<\/div>\n\t\t\t\t<div class=\"elementor-column elementor-col-50 elementor-top-column elementor-element elementor-element-f6ee3e2\" data-id=\"f6ee3e2\" data-element_type=\"column\">\n\t\t\t<div class=\"elementor-widget-wrap elementor-element-populated\">\n\t\t\t\t\t\t\t\t<div class=\"elementor-element elementor-element-77714e7 elementor-widget elementor-widget-accordion\" data-id=\"77714e7\" data-element_type=\"widget\" data-widget_type=\"accordion.default\">\n\t\t\t\t<div class=\"elementor-widget-container\">\n\t\t\t\t\t<div class=\"elementor-accordion\" role=\"tablist\">\n\t\t\t\t\t\t\t<div class=\"elementor-accordion-item\">\n\t\t\t\t\t<div id=\"elementor-tab-title-1251\" class=\"elementor-tab-title\" data-tab=\"1\" role=\"tab\" aria-controls=\"elementor-tab-content-1251\" aria-expanded=\"false\">\n\t\t\t\t\t\t\t\t\t\t\t\t\t<span class=\"elementor-accordion-icon elementor-accordion-icon-left\" aria-hidden=\"true\">\n\t\t\t\t\t\t\t\t\t\t\t\t\t\t\t<span class=\"elementor-accordion-icon-closed\"><i class=\"fas fa-plus\"><\/i><\/span>\n\t\t\t\t\t\t\t\t<span class=\"elementor-accordion-icon-opened\"><i class=\"fas fa-minus\"><\/i><\/span>\n\t\t\t\t\t\t\t\t\t\t\t\t\t\t<\/span>\n\t\t\t\t\t\t\t\t\t\t\t\t<a class=\"elementor-accordion-title\" href=\"\">Dyeing Auxiliary<\/a>\n\t\t\t\t\t<\/div>\n\t\t\t\t\t<div id=\"elementor-tab-content-1251\" class=\"elementor-tab-content elementor-clearfix\" data-tab=\"1\" role=\"tabpanel\" aria-labelledby=\"elementor-tab-title-1251\"><table border=\"0\" width=\"542\" cellspacing=\"0\" cellpadding=\"0\"><colgroup><col width=\"39\" \/><col width=\"251\" \/><col width=\"252\" \/><\/colgroup><tbody><tr><td class=\"xl74\" rowspan=\"4\" width=\"39\" height=\"88\">REDUCING AGENTS &amp; CARRIERS<\/td><td class=\"xl65\" width=\"251\">MOLEWASH AC 100<\/td><td class=\"xl66\" width=\"252\">Reducing Agent (Acidic)<\/td><\/tr><tr><td class=\"xl67\" height=\"21\">MOLEWASH FDR 500<\/td><td class=\"xl68\">Reducing Agent (Alkaline)<\/td><\/tr><tr><td class=\"xl67\" height=\"23\">MOLEDYE OS-D<\/td><td class=\"xl68\">Carrier<\/td><\/tr><tr><td class=\"xl69\" height=\"23\">MOLEDYE DARK ASL<\/td><td class=\"xl70\">Carrier<\/td><\/tr><tr><td class=\"xl77\" rowspan=\"9\" width=\"39\" height=\"195\">LEVELLING  &amp; DISPERSING AGENTS<\/td><td class=\"xl65\">MOLEDYE BR-65<\/td><td class=\"xl66\">Dispersing&amp;Levelling Agent<\/td><\/tr><tr><td class=\"xl67\" height=\"21\">MOLEDYE RLA<\/td><td class=\"xl68\">Levelling Agent for Reactive Dyes<\/td><\/tr><tr><td class=\"xl67\" height=\"21\">MOLEDYE ASN 07<\/td><td class=\"xl68\">Economical Dispersing&amp;Levelling Agent<\/td><\/tr><tr><td class=\"xl67\" height=\"23\">MOLEDYE ASN CONC<\/td><td class=\"xl68\">Concentrated Dispersing&amp;Levelling Agent<\/td><\/tr><tr><td class=\"xl67\" height=\"21\">MOLEDYE CTL 52<\/td><td class=\"xl68\">Concentrated Polyester Levelling Agent<\/td><\/tr><tr><td class=\"xl67\" height=\"21\">PRINT BM-2M<\/td><td class=\"xl68\">Dispersing&amp;Levelling Agent<\/td><\/tr><tr><td class=\"xl67\" height=\"21\">MOLEDYE LWU<\/td><td class=\"xl68\">Levelling Agent for Wools<\/td><\/tr><tr><td class=\"xl67\" height=\"21\">MOLEDYE TFD<\/td><td class=\"xl68\">Concentrated Polyester Levelling Agent<\/td><\/tr><tr><td class=\"xl69\" height=\"23\">NS LIQUID NEW<\/td><td class=\"xl70\">Economical Dispersing&amp;Levelling Agent<\/td><\/tr><tr><td class=\"xl74\" rowspan=\"5\" width=\"39\" height=\"107\">WASHING AGENTS<\/td><td class=\"xl65\">MOLEWASH MD<\/td><td class=\"xl66\">Washing off Agent for Reactive Dyes<\/td><\/tr><tr><td class=\"xl67\" height=\"21\">MOLEWASH RE-032<\/td><td class=\"xl68\">Washing off Agent for Reactive Dyes<\/td><\/tr><tr><td class=\"xl67\" height=\"21\">MOLEDYE WO-M<\/td><td class=\"xl68\">Washing off Agent for Wools<\/td><\/tr><tr><td class=\"xl67\" height=\"21\">MOLEDYE YKS<\/td><td class=\"xl68\">Washing off Agent for Wools<\/td><\/tr><tr><td class=\"xl69\" height=\"23\">MOLEWASH LSH<\/td><td class=\"xl70\">Ecological Sizing Washing off Chemical<\/td><\/tr><tr><td class=\"xl78\" rowspan=\"3\" width=\"39\" height=\"65\">ANTICREASING AGENTS<\/td><td class=\"xl65\">MOLEDYE ACR 250<\/td><td class=\"xl66\">Anticreasing Agent<\/td><\/tr><tr><td class=\"xl67\" height=\"21\">MOLEDYE ANTICREASE MKB 506<\/td><td class=\"xl68\">Anticreasing Agent<\/td><\/tr><tr><td class=\"xl69\" height=\"23\">MOLEPRO 2541<\/td><td class=\"xl70\">Anticreasing Agent (Powder)<\/td><\/tr><tr><td class=\"xl78\" rowspan=\"2\" width=\"39\" height=\"44\">ACIDS<\/td><td class=\"xl65\">MOLEACID NA<\/td><td class=\"xl66\">Neutral Acid<\/td><\/tr><tr><td class=\"xl69\" height=\"23\">MOLEACID TA 809<\/td><td class=\"xl70\">Acid Buffer<\/td><\/tr><tr><td class=\"xl71\" rowspan=\"3\" width=\"39\" height=\"65\">OTHER CHEMICALS<\/td><td class=\"xl65\">MOLECLEAN KRD<\/td><td class=\"xl66\">Cleaning Agent for Dyeing Machine<\/td><\/tr><tr><td class=\"xl67\" height=\"21\">MOLEDYE TAL<\/td><td class=\"xl68\">Alkaline-Liquid<\/td><\/tr><tr><td class=\"xl69\" height=\"23\">MOLEFOAM 201 A<\/td><td class=\"xl70\">Antifoaming Agent<\/td><\/tr><\/tbody><\/table><\/div>\n\t\t\t\t<\/div>\n\t\t\t\t\t\t\t\t<\/div>\n\t\t\t\t<\/div>\n\t\t\t\t<\/div>\n\t\t\t\t<div class=\"elementor-element elementor-element-57c4094 elementor-widget elementor-widget-ova_heading\" data-id=\"57c4094\" data-element_type=\"widget\" data-widget_type=\"ova_heading.default\">\n\t\t\t\t<div class=\"elementor-widget-container\">\n\t\t\t\t\t<div class=\"ova-heading\">\n\t\t\t\n\t\t\t\t\t\t\t<h3 class=\"title second_font\">Send Message <\/h3>\n\t\t\t\n\t\t\t\t\t\t\t<p class=\"sub-title\">We reply to messages within 24 hours<\/p>\n\t\t\t\n\t\t<\/div>\n\t\t\t\t<\/div>\n\t\t\t\t<\/div>\n\t\t\t\t<div class=\"elementor-element elementor-element-fc963b6 elementor-widget elementor-widget-shortcode\" data-id=\"fc963b6\" data-element_type=\"widget\" data-widget_type=\"shortcode.default\">\n\t\t\t\t<div class=\"elementor-widget-container\">\n\t\t\t\t\t<div class=\"elementor-shortcode\">\n<div class=\"wpcf7 no-js\" id=\"wpcf7-f294-o1\" lang=\"en-US\" dir=\"ltr\" data-wpcf7-id=\"294\">\n<div class=\"screen-reader-response\"><p role=\"status\" aria-live=\"polite\" aria-atomic=\"true\"><\/p> <ul><\/ul><\/div>\n<form action=\"\/en\/wp-json\/wp\/v2\/pages\/1207#wpcf7-f294-o1\" method=\"post\" class=\"wpcf7-form init\" aria-label=\"Contact form\" novalidate=\"novalidate\" data-status=\"init\" data-trp-original-action=\"\/en\/wp-json\/wp\/v2\/pages\/1207#wpcf7-f294-o1\">\n<div style=\"display: none;\">\n<input type=\"hidden\" name=\"_wpcf7\" value=\"294\" \/>\n<input type=\"hidden\" name=\"_wpcf7_version\" value=\"6.0.4\" \/>\n<input type=\"hidden\" name=\"_wpcf7_locale\" value=\"en_US\" \/>\n<input type=\"hidden\" name=\"_wpcf7_unit_tag\" value=\"wpcf7-f294-o1\" \/>\n<input type=\"hidden\" name=\"_wpcf7_container_post\" value=\"0\" \/>\n<input type=\"hidden\" name=\"_wpcf7_posted_data_hash\" value=\"\" \/>\n<input type=\"hidden\" name=\"_wpcf7_recaptcha_response\" value=\"\" \/>\n<\/div>\n<div class=\"contact-form-egovt\">\n\t<div class=\"con\">\n\t\t<div class=\"input name\">\n\t\t\t<p><span class=\"wpcf7-form-control-wrap\" data-name=\"your-name\"><input size=\"40\" maxlength=\"400\" class=\"wpcf7-form-control wpcf7-text wpcf7-validates-as-required\" id=\"your-name\" aria-required=\"true\" aria-invalid=\"false\" placeholder=\"Name\" value=\"\" type=\"text\" name=\"your-name\" \/><\/span>\n\t\t\t<\/p>\n\t\t<\/div>\n\t\t<div class=\"input email\">\n\t\t\t<p><span class=\"wpcf7-form-control-wrap\" data-name=\"your-email\"><input size=\"40\" maxlength=\"400\" class=\"wpcf7-form-control wpcf7-email wpcf7-validates-as-required wpcf7-text wpcf7-validates-as-email\" id=\"your-email\" aria-required=\"true\" aria-invalid=\"false\" placeholder=\"Email\" value=\"\" type=\"email\" name=\"your-email\" \/><\/span>\n\t\t\t<\/p>\n\t\t<\/div>\n\t\t<div class=\"input phone\">\n\t\t\t<p><span class=\"wpcf7-form-control-wrap\" data-name=\"your-phone\"><input size=\"40\" maxlength=\"400\" class=\"wpcf7-form-control wpcf7-tel wpcf7-validates-as-required wpcf7-text wpcf7-validates-as-tel\" id=\"your-phone\" aria-required=\"true\" aria-invalid=\"false\" placeholder=\"Phone\" value=\"\" type=\"tel\" name=\"your-phone\" \/><\/span>\n\t\t\t<\/p>\n\t\t<\/div>\n\t\t<div class=\"input subject\">\n\t\t\t<p><span class=\"wpcf7-form-control-wrap\" data-name=\"your-subject\"><input size=\"40\" maxlength=\"400\" class=\"wpcf7-form-control wpcf7-text wpcf7-validates-as-required\" id=\"your-subject\" aria-required=\"true\" aria-invalid=\"false\" placeholder=\"Subject\" value=\"\" type=\"text\" name=\"your-subject\" \/><\/span>\n\t\t\t<\/p>\n\t\t<\/div>\n\t<\/div>\n\t<div class=\"con\">\n\t\t<div class=\"comment\">\n\t\t\t<p><span class=\"wpcf7-form-control-wrap\" data-name=\"your-comment\"><textarea cols=\"40\" rows=\"10\" maxlength=\"2000\" class=\"wpcf7-form-control wpcf7-textarea wpcf7-validates-as-required\" id=\"your-comment\" aria-required=\"true\" aria-invalid=\"false\" placeholder=\"Message...\" name=\"your-comment\"><\/textarea><\/span>\n\t\t\t<\/p>\n\t\t<\/div>\n\t<\/div>\n\t<p><input class=\"wpcf7-form-control wpcf7-submit has-spinner second_font\" id=\"form-submit\" type=\"submit\" value=\"Send Message\" \/>\n\t<\/p>\n<\/div>\n<span class=\"wpcf7-form-control-wrap recaptcha\" data-name=\"recaptcha\"><span data-sitekey=\"6LdkEpooAAAAACDdZ5RzfcLpl2BfAEIUOs6xmZy2\" class=\"wpcf7-form-control wpcf7-recaptcha g-recaptcha\"><\/span>\r\n<noscript>\r\n\t<div class=\"grecaptcha-noscript\">\r\n\t\t<iframe src=\"https:\/\/www.google.com\/recaptcha\/api\/fallback?k=6LdkEpooAAAAACDdZ5RzfcLpl2BfAEIUOs6xmZy2\" frameborder=\"0\" scrolling=\"no\" width=\"310\" height=\"430\">\r\n\t\t<\/iframe>\r\n\t\t<textarea name=\"g-recaptcha-response\" rows=\"3\" cols=\"40\" placeholder=\"reCaptcha Response Here\">\r\n\t\t<\/textarea>\r\n\t<\/div>\r\n<\/noscript>\r\n<\/span><div class=\"wpcf7-response-output\" aria-hidden=\"true\"><\/div>\n<input type=\"hidden\" name=\"trp-form-language\" value=\"en\"\/><\/form>\n<\/div>\n<\/div>\n\t\t\t\t<\/div>\n\t\t\t\t<\/div>\n\t\t\t\t\t<\/div>\n\t\t<\/div>\n\t\t\t\t\t\t\t<\/div>\n\t\t<\/section>\n\t\t\t\t\t\t<\/div>\n\t\t\t\t\t<\/div>","protected":false},"excerpt":{"rendered":"<p>Sorular\u0131n\u0131z i\u00e7in ileti\u015fime ge\u00e7in T\u00fcm maillere 24 saat i\u00e7erisinde cevap veriyoruz destek@molkimya.com.tr \u00dcR\u00dcNLER \u00d6n \u0130\u015flem Kimyasallar\u0131 Boya Yard\u0131mc\u0131lar\u0131 Biti\u015f \u0130\u015flemi Kimyasallar\u0131 Optikler&amp;\u00d6zel Kimyasallar Bask\u0131 Patlar\u0131 Ana Kimyasallar Boya Yard\u0131mc\u0131lar\u0131 RED\u00dcKTAN &amp; CARR\u0130ER MOLEWASH AC 100 Asidik Red\u00fcktan MOLEWASH FDR 500 Bazik Red\u00fcktan MOLEDYE OS-D Carrier MOLEDYE DARK ASL Carrier (Dispers Bask\u0131 Pat\u0131na) D\u0130SPERGAT\u00d6R &amp; EGAL\u0130ZAT\u00d6R [&hellip;]<\/p>","protected":false},"author":1,"featured_media":1208,"parent":0,"menu_order":0,"comment_status":"closed","ping_status":"closed","template":"elementor_header_footer","meta":{"footnotes":""},"class_list":["post-1207","page","type-page","status-publish","has-post-thumbnail","hentry"],"yoast_head":"<!-- This site is optimized with the Yoast SEO plugin v24.6 - https:\/\/yoast.com\/wordpress\/plugins\/seo\/ -->\n<title>Boya Yard\u0131mc\u0131lar\u0131 - Mol Kimya<\/title>\n<meta name=\"robots\" content=\"index, follow, max-snippet:-1, max-image-preview:large, max-video-preview:-1\" \/>\n<link rel=\"canonical\" href=\"https:\/\/www.molkimya.com.tr\/en\/boya-yardimcilari\/\" \/>\n<meta property=\"og:locale\" content=\"en_US\" \/>\n<meta property=\"og:type\" content=\"article\" \/>\n<meta property=\"og:title\" content=\"Boya Yard\u0131mc\u0131lar\u0131 - Mol Kimya\" \/>\n<meta property=\"og:description\" content=\"Sorular\u0131n\u0131z i\u00e7in ileti\u015fime ge\u00e7in T\u00fcm maillere 24 saat i\u00e7erisinde cevap veriyoruz destek@molkimya.com.tr \u00dcR\u00dcNLER \u00d6n \u0130\u015flem Kimyasallar\u0131 Boya Yard\u0131mc\u0131lar\u0131 Biti\u015f \u0130\u015flemi Kimyasallar\u0131 Optikler&amp;\u00d6zel Kimyasallar Bask\u0131 Patlar\u0131 Ana Kimyasallar Boya Yard\u0131mc\u0131lar\u0131 RED\u00dcKTAN &amp; CARR\u0130ER MOLEWASH AC 100 Asidik Red\u00fcktan MOLEWASH FDR 500 Bazik Red\u00fcktan MOLEDYE OS-D Carrier MOLEDYE DARK ASL Carrier (Dispers Bask\u0131 Pat\u0131na) D\u0130SPERGAT\u00d6R &amp; EGAL\u0130ZAT\u00d6R [&hellip;]\" \/>\n<meta property=\"og:url\" content=\"https:\/\/www.molkimya.com.tr\/en\/boya-yardimcilari\/\" \/>\n<meta property=\"og:site_name\" content=\"Mol Kimya\" \/>\n<meta property=\"article:modified_time\" content=\"2021-09-06T12:43:46+00:00\" \/>\n<meta property=\"og:image\" content=\"https:\/\/www.molkimya.com.tr\/wp-content\/uploads\/2020\/08\/bg_head_faq.jpg\" \/>\n\t<meta property=\"og:image:width\" content=\"1920\" \/>\n\t<meta property=\"og:image:height\" content=\"300\" \/>\n\t<meta property=\"og:image:type\" content=\"image\/jpeg\" \/>\n<meta name=\"twitter:card\" content=\"summary_large_image\" \/>\n<meta name=\"twitter:label1\" content=\"Est. reading time\" \/>\n\t<meta name=\"twitter:data1\" content=\"1 minute\" \/>\n<script type=\"application\/ld+json\" class=\"yoast-schema-graph\">{\"@context\":\"https:\/\/schema.org\",\"@graph\":[{\"@type\":\"WebPage\",\"@id\":\"https:\/\/www.molkimya.com.tr\/boya-yardimcilari\/\",\"url\":\"https:\/\/www.molkimya.com.tr\/boya-yardimcilari\/\",\"name\":\"Boya Yard\u0131mc\u0131lar\u0131 - Mol Kimya\",\"isPartOf\":{\"@id\":\"https:\/\/www.molkimya.com.tr\/#website\"},\"primaryImageOfPage\":{\"@id\":\"https:\/\/www.molkimya.com.tr\/boya-yardimcilari\/#primaryimage\"},\"image\":{\"@id\":\"https:\/\/www.molkimya.com.tr\/boya-yardimcilari\/#primaryimage\"},\"thumbnailUrl\":\"https:\/\/www.molkimya.com.tr\/wp-content\/uploads\/2020\/08\/bg_head_faq.jpg\",\"datePublished\":\"2020-08-19T01:14:46+00:00\",\"dateModified\":\"2021-09-06T12:43:46+00:00\",\"breadcrumb\":{\"@id\":\"https:\/\/www.molkimya.com.tr\/boya-yardimcilari\/#breadcrumb\"},\"inLanguage\":\"en-US\",\"potentialAction\":[{\"@type\":\"ReadAction\",\"target\":[\"https:\/\/www.molkimya.com.tr\/boya-yardimcilari\/\"]}]},{\"@type\":\"ImageObject\",\"inLanguage\":\"en-US\",\"@id\":\"https:\/\/www.molkimya.com.tr\/boya-yardimcilari\/#primaryimage\",\"url\":\"https:\/\/www.molkimya.com.tr\/wp-content\/uploads\/2020\/08\/bg_head_faq.jpg\",\"contentUrl\":\"https:\/\/www.molkimya.com.tr\/wp-content\/uploads\/2020\/08\/bg_head_faq.jpg\",\"width\":1920,\"height\":300},{\"@type\":\"BreadcrumbList\",\"@id\":\"https:\/\/www.molkimya.com.tr\/boya-yardimcilari\/#breadcrumb\",\"itemListElement\":[{\"@type\":\"ListItem\",\"position\":1,\"name\":\"Ana sayfa\",\"item\":\"https:\/\/www.molkimya.com.tr\/\"},{\"@type\":\"ListItem\",\"position\":2,\"name\":\"Boya Yard\u0131mc\u0131lar\u0131\"}]},{\"@type\":\"WebSite\",\"@id\":\"https:\/\/www.molkimya.com.tr\/#website\",\"url\":\"https:\/\/www.molkimya.com.tr\/\",\"name\":\"Mol Kimya\",\"description\":\"Kimyasal \u00c7\u00f6z\u00fcm Orta\u011f\u0131n\u0131z\",\"alternateName\":\"molkimya.com\",\"potentialAction\":[{\"@type\":\"SearchAction\",\"target\":{\"@type\":\"EntryPoint\",\"urlTemplate\":\"https:\/\/www.molkimya.com.tr\/?s={search_term_string}\"},\"query-input\":{\"@type\":\"PropertyValueSpecification\",\"valueRequired\":true,\"valueName\":\"search_term_string\"}}],\"inLanguage\":\"en-US\"}]}<\/script>\n<!-- \/ Yoast SEO plugin. -->","yoast_head_json":{"title":"Boya Yard\u0131mc\u0131lar\u0131 - Mol Kimya","robots":{"index":"index","follow":"follow","max-snippet":"max-snippet:-1","max-image-preview":"max-image-preview:large","max-video-preview":"max-video-preview:-1"},"canonical":"https:\/\/www.molkimya.com.tr\/en\/boya-yardimcilari\/","og_locale":"en_US","og_type":"article","og_title":"Boya Yard\u0131mc\u0131lar\u0131 - Mol Kimya","og_description":"Sorular\u0131n\u0131z i\u00e7in ileti\u015fime ge\u00e7in T\u00fcm maillere 24 saat i\u00e7erisinde cevap veriyoruz destek@molkimya.com.tr \u00dcR\u00dcNLER \u00d6n \u0130\u015flem Kimyasallar\u0131 Boya Yard\u0131mc\u0131lar\u0131 Biti\u015f \u0130\u015flemi Kimyasallar\u0131 Optikler&amp;\u00d6zel Kimyasallar Bask\u0131 Patlar\u0131 Ana Kimyasallar Boya Yard\u0131mc\u0131lar\u0131 RED\u00dcKTAN &amp; CARR\u0130ER MOLEWASH AC 100 Asidik Red\u00fcktan MOLEWASH FDR 500 Bazik Red\u00fcktan MOLEDYE OS-D Carrier MOLEDYE DARK ASL Carrier (Dispers Bask\u0131 Pat\u0131na) D\u0130SPERGAT\u00d6R &amp; EGAL\u0130ZAT\u00d6R [&hellip;]","og_url":"https:\/\/www.molkimya.com.tr\/en\/boya-yardimcilari\/","og_site_name":"Mol Kimya","article_modified_time":"2021-09-06T12:43:46+00:00","og_image":[{"width":1920,"height":300,"url":"https:\/\/www.molkimya.com.tr\/wp-content\/uploads\/2020\/08\/bg_head_faq.jpg","type":"image\/jpeg"}],"twitter_card":"summary_large_image","twitter_misc":{"Est. reading time":"1 minute"},"schema":{"@context":"https:\/\/schema.org","@graph":[{"@type":"WebPage","@id":"https:\/\/www.molkimya.com.tr\/boya-yardimcilari\/","url":"https:\/\/www.molkimya.com.tr\/boya-yardimcilari\/","name":"Boya Yard\u0131mc\u0131lar\u0131 - Mol Kimya","isPartOf":{"@id":"https:\/\/www.molkimya.com.tr\/#website"},"primaryImageOfPage":{"@id":"https:\/\/www.molkimya.com.tr\/boya-yardimcilari\/#primaryimage"},"image":{"@id":"https:\/\/www.molkimya.com.tr\/boya-yardimcilari\/#primaryimage"},"thumbnailUrl":"https:\/\/www.molkimya.com.tr\/wp-content\/uploads\/2020\/08\/bg_head_faq.jpg","datePublished":"2020-08-19T01:14:46+00:00","dateModified":"2021-09-06T12:43:46+00:00","breadcrumb":{"@id":"https:\/\/www.molkimya.com.tr\/boya-yardimcilari\/#breadcrumb"},"inLanguage":"en-US","potentialAction":[{"@type":"ReadAction","target":["https:\/\/www.molkimya.com.tr\/boya-yardimcilari\/"]}]},{"@type":"ImageObject","inLanguage":"en-US","@id":"https:\/\/www.molkimya.com.tr\/boya-yardimcilari\/#primaryimage","url":"https:\/\/www.molkimya.com.tr\/wp-content\/uploads\/2020\/08\/bg_head_faq.jpg","contentUrl":"https:\/\/www.molkimya.com.tr\/wp-content\/uploads\/2020\/08\/bg_head_faq.jpg","width":1920,"height":300},{"@type":"BreadcrumbList","@id":"https:\/\/www.molkimya.com.tr\/boya-yardimcilari\/#breadcrumb","itemListElement":[{"@type":"ListItem","position":1,"name":"Ana sayfa","item":"https:\/\/www.molkimya.com.tr\/"},{"@type":"ListItem","position":2,"name":"Boya Yard\u0131mc\u0131lar\u0131"}]},{"@type":"WebSite","@id":"https:\/\/www.molkimya.com.tr\/#website","url":"https:\/\/www.molkimya.com.tr\/","name":"Mol Kimya","description":"Kimyasal \u00c7\u00f6z\u00fcm Orta\u011f\u0131n\u0131z","alternateName":"molkimya.com","potentialAction":[{"@type":"SearchAction","target":{"@type":"EntryPoint","urlTemplate":"https:\/\/www.molkimya.com.tr\/?s={search_term_string}"},"query-input":{"@type":"PropertyValueSpecification","valueRequired":true,"valueName":"search_term_string"}}],"inLanguage":"en-US"}]}},"_links":{"self":[{"href":"https:\/\/www.molkimya.com.tr\/en\/wp-json\/wp\/v2\/pages\/1207","targetHints":{"allow":["GET"]}}],"collection":[{"href":"https:\/\/www.molkimya.com.tr\/en\/wp-json\/wp\/v2\/pages"}],"about":[{"href":"https:\/\/www.molkimya.com.tr\/en\/wp-json\/wp\/v2\/types\/page"}],"author":[{"embeddable":true,"href":"https:\/\/www.molkimya.com.tr\/en\/wp-json\/wp\/v2\/users\/1"}],"replies":[{"embeddable":true,"href":"https:\/\/www.molkimya.com.tr\/en\/wp-json\/wp\/v2\/comments?post=1207"}],"version-history":[{"count":44,"href":"https:\/\/www.molkimya.com.tr\/en\/wp-json\/wp\/v2\/pages\/1207\/revisions"}],"predecessor-version":[{"id":6348,"href":"https:\/\/www.molkimya.com.tr\/en\/wp-json\/wp\/v2\/pages\/1207\/revisions\/6348"}],"wp:featuredmedia":[{"embeddable":true,"href":"https:\/\/www.molkimya.com.tr\/en\/wp-json\/wp\/v2\/media\/1208"}],"wp:attachment":[{"href":"https:\/\/www.molkimya.com.tr\/en\/wp-json\/wp\/v2\/media?parent=1207"}],"curies":[{"name":"wp","href":"https:\/\/api.w.org\/{rel}","templated":true}]}}