{"id":4343,"date":"2021-01-06T01:36:51","date_gmt":"2021-01-05T22:36:51","guid":{"rendered":"http:\/\/demo.ovathemes.com\/egovt\/?page_id=4343"},"modified":"2021-07-05T01:15:45","modified_gmt":"2021-07-04T22:15:45","slug":"kalite-politikamiz","status":"publish","type":"page","link":"https:\/\/www.molkimya.com.tr\/en\/kalite-politikamiz\/","title":{"rendered":"Quality Policy"},"content":{"rendered":"<div data-elementor-type=\"wp-page\" data-elementor-id=\"4343\" class=\"elementor elementor-4343\" data-elementor-settings=\"[]\">\n\t\t\t\t\t\t\t<div class=\"elementor-section-wrap\">\n\t\t\t\t\t\t\t<section class=\"elementor-section elementor-top-section elementor-element elementor-element-3c09e79 elementor-section-boxed elementor-section-height-default elementor-section-height-default\" data-id=\"3c09e79\" data-element_type=\"section\">\n\t\t\t\t\t\t<div class=\"elementor-container elementor-column-gap-default\">\n\t\t\t\t\t<div class=\"elementor-column elementor-col-100 elementor-top-column elementor-element elementor-element-4618531\" data-id=\"4618531\" data-element_type=\"column\">\n\t\t\t<div class=\"elementor-widget-wrap\">\n\t\t\t\t\t\t\t\t\t<\/div>\n\t\t<\/div>\n\t\t\t\t\t\t\t<\/div>\n\t\t<\/section>\n\t\t\t\t<section class=\"elementor-section elementor-top-section elementor-element elementor-element-78d1419 elementor-section-boxed elementor-section-height-default elementor-section-height-default\" data-id=\"78d1419\" data-element_type=\"section\">\n\t\t\t\t\t\t<div class=\"elementor-container elementor-column-gap-default\">\n\t\t\t\t\t<div class=\"elementor-column elementor-col-100 elementor-top-column elementor-element elementor-element-32623dc\" data-id=\"32623dc\" data-element_type=\"column\">\n\t\t\t<div class=\"elementor-widget-wrap elementor-element-populated\">\n\t\t\t\t\t\t\t\t<section class=\"elementor-section elementor-inner-section elementor-element elementor-element-bfd9239 elementor-section-boxed elementor-section-height-default elementor-section-height-default\" data-id=\"bfd9239\" data-element_type=\"section\">\n\t\t\t\t\t\t<div class=\"elementor-container elementor-column-gap-default\">\n\t\t\t\t\t<div class=\"elementor-column elementor-col-50 elementor-inner-column elementor-element elementor-element-55b6aa7\" data-id=\"55b6aa7\" data-element_type=\"column\">\n\t\t\t<div class=\"elementor-widget-wrap elementor-element-populated\">\n\t\t\t\t\t\t\t\t<div class=\"elementor-element elementor-element-7fc20bc elementor-widget elementor-widget-heading\" data-id=\"7fc20bc\" data-element_type=\"widget\" data-widget_type=\"heading.default\">\n\t\t\t\t<div class=\"elementor-widget-container\">\n\t\t\t<h2 class=\"elementor-heading-title elementor-size-default\">Quality Policy<\/h2>\t\t<\/div>\n\t\t\t\t<\/div>\n\t\t\t\t\t<\/div>\n\t\t<\/div>\n\t\t\t\t<div class=\"elementor-column elementor-col-50 elementor-inner-column elementor-element elementor-element-d4ef644\" data-id=\"d4ef644\" data-element_type=\"column\">\n\t\t\t<div class=\"elementor-widget-wrap elementor-element-populated\">\n\t\t\t\t\t\t\t\t<div class=\"elementor-element elementor-element-91c236f elementor-widget elementor-widget-image\" data-id=\"91c236f\" data-element_type=\"widget\" data-widget_type=\"image.default\">\n\t\t\t\t<div class=\"elementor-widget-container\">\n\t\t\t\t\t\t\t\t\t\t\t\t\t\t\t<img decoding=\"async\" width=\"150\" height=\"150\" data-src=\"https:\/\/www.molkimya.com.tr\/wp-content\/uploads\/2021\/06\/1200px-Check-41-108-41-green.svg-150x150.png\" class=\"attachment-thumbnail size-thumbnail lazyload\" alt=\"\" src=\"data:image\/svg+xml;base64,PHN2ZyB3aWR0aD0iMSIgaGVpZ2h0PSIxIiB4bWxucz0iaHR0cDovL3d3dy53My5vcmcvMjAwMC9zdmciPjwvc3ZnPg==\" style=\"--smush-placeholder-width: 150px; --smush-placeholder-aspect-ratio: 150\/150;\" \/>\t\t\t\t\t\t\t\t\t\t\t\t\t\t\t<\/div>\n\t\t\t\t<\/div>\n\t\t\t\t\t<\/div>\n\t\t<\/div>\n\t\t\t\t\t\t\t<\/div>\n\t\t<\/section>\n\t\t\t\t<div class=\"elementor-element elementor-element-4d2071c elementor-widget elementor-widget-text-editor\" data-id=\"4d2071c\" data-element_type=\"widget\" data-widget_type=\"text-editor.default\">\n\t\t\t\t<div class=\"elementor-widget-container\">\n\t\t\t\t\t\t\t\t<p>Our quality management system constructed to comply allows us to provide products and services that satisfy our customers. In order to continue improving this level of quality into the future, we will implement the following.<\/p><ul><li>Our employees will be familiar with every aspect of our Quality Policy, and will promote the creation of a level of quality that can satisfy our customers.<\/li><li>We will accurately address the demands of our customers.<\/li><li>We protect the environment and natural resources while producing.<\/li><li>We will always consider improvements to all of our activities including higher product quality, cost reduction, and getting products to our customers in a shorter amount of time.<\/li><\/ul>\t\t\t\t\t\t<\/div>\n\t\t\t\t<\/div>\n\t\t\t\t<div class=\"elementor-element elementor-element-4435a2d elementor-widget-divider--view-line elementor-widget elementor-widget-divider\" data-id=\"4435a2d\" data-element_type=\"widget\" data-widget_type=\"divider.default\">\n\t\t\t\t<div class=\"elementor-widget-container\">\n\t\t\t\t\t<div class=\"elementor-divider\">\n\t\t\t<span class=\"elementor-divider-separator\">\n\t\t\t\t\t\t<\/span>\n\t\t<\/div>\n\t\t\t\t<\/div>\n\t\t\t\t<\/div>\n\t\t\t\t\t<\/div>\n\t\t<\/div>\n\t\t\t\t\t\t\t<\/div>\n\t\t<\/section>\n\t\t\t\t<section class=\"elementor-section elementor-top-section elementor-element elementor-element-e6d06f7 elementor-section-boxed elementor-section-height-default elementor-section-height-default\" data-id=\"e6d06f7\" data-element_type=\"section\" data-settings=\"{&quot;background_background&quot;:&quot;classic&quot;}\">\n\t\t\t\t\t\t\t<div class=\"elementor-background-overlay\"><\/div>\n\t\t\t\t\t\t\t<div class=\"elementor-container elementor-column-gap-default\">\n\t\t\t\t\t<div class=\"elementor-column elementor-col-100 elementor-top-column elementor-element elementor-element-b6ba2c8\" data-id=\"b6ba2c8\" data-element_type=\"column\">\n\t\t\t<div class=\"elementor-widget-wrap\">\n\t\t\t\t\t\t\t\t\t<\/div>\n\t\t<\/div>\n\t\t\t\t\t\t\t<\/div>\n\t\t<\/section>\n\t\t\t\t\t\t<\/div>\n\t\t\t\t\t<\/div>","protected":false},"excerpt":{"rendered":"<p>Kalite Politikam\u0131z M\u00fc\u015fteri beklentilerini t\u00fcm\u00fcyle kar\u015f\u0131lamay\u0131 hedefleyen \u015firketimizin kalite politikas\u0131; S\u00fcrekli iyile\u015ftirme yakla\u015f\u0131m\u0131 do\u011frultusunda t\u00fcm s\u00fcre\u00e7lerimizdeki verimlili\u011fin rekabet edebilecek seviyeye y\u00fckseltilmesi, Sat\u0131\u015f \u00f6ncesi ve sonras\u0131 her t\u00fcrl\u00fc teknik destek sa\u011flayarak m\u00fc\u015fteri memnuniyetini s\u00fcrd\u00fcrmek Faaliyetlerimizi s\u00fcrd\u00fcr\u00fcrken, \u00e7evreyi ve do\u011fal kaynaklar\u0131 korumak \u0130\u015f ili\u015fkisinde bulundu\u011fumuz firmalar\u0131m\u0131z ve tedarik\u00e7ilerimiz ile kar\u015f\u0131l\u0131kl\u0131 i\u015fbirli\u011fi ve g\u00fcven i\u00e7erisinde \u00e7al\u0131\u015f\u0131p verimlili\u011fimizi artt\u0131rmak<\/p>","protected":false},"author":1,"featured_media":4348,"parent":0,"menu_order":0,"comment_status":"closed","ping_status":"closed","template":"elementor_header_footer","meta":{"footnotes":""},"class_list":["post-4343","page","type-page","status-publish","has-post-thumbnail","hentry"],"yoast_head":"<!-- This site is optimized with the Yoast SEO plugin v24.6 - https:\/\/yoast.com\/wordpress\/plugins\/seo\/ -->\n<title>Kalite Politikam\u0131z - Mol Kimya<\/title>\n<meta name=\"robots\" content=\"index, follow, max-snippet:-1, max-image-preview:large, max-video-preview:-1\" \/>\n<link rel=\"canonical\" href=\"https:\/\/www.molkimya.com.tr\/en\/kalite-politikamiz\/\" \/>\n<meta property=\"og:locale\" content=\"en_US\" \/>\n<meta property=\"og:type\" content=\"article\" \/>\n<meta property=\"og:title\" content=\"Kalite Politikam\u0131z - Mol Kimya\" \/>\n<meta property=\"og:description\" content=\"Kalite Politikam\u0131z M\u00fc\u015fteri beklentilerini t\u00fcm\u00fcyle kar\u015f\u0131lamay\u0131 hedefleyen \u015firketimizin kalite politikas\u0131; S\u00fcrekli iyile\u015ftirme yakla\u015f\u0131m\u0131 do\u011frultusunda t\u00fcm s\u00fcre\u00e7lerimizdeki verimlili\u011fin rekabet edebilecek seviyeye y\u00fckseltilmesi, Sat\u0131\u015f \u00f6ncesi ve sonras\u0131 her t\u00fcrl\u00fc teknik destek sa\u011flayarak m\u00fc\u015fteri memnuniyetini s\u00fcrd\u00fcrmek Faaliyetlerimizi s\u00fcrd\u00fcr\u00fcrken, \u00e7evreyi ve do\u011fal kaynaklar\u0131 korumak \u0130\u015f ili\u015fkisinde bulundu\u011fumuz firmalar\u0131m\u0131z ve tedarik\u00e7ilerimiz ile kar\u015f\u0131l\u0131kl\u0131 i\u015fbirli\u011fi ve g\u00fcven i\u00e7erisinde \u00e7al\u0131\u015f\u0131p verimlili\u011fimizi artt\u0131rmak\" \/>\n<meta property=\"og:url\" content=\"https:\/\/www.molkimya.com.tr\/en\/kalite-politikamiz\/\" \/>\n<meta property=\"og:site_name\" content=\"Mol Kimya\" \/>\n<meta property=\"article:modified_time\" content=\"2021-07-04T22:15:45+00:00\" \/>\n<meta name=\"twitter:card\" content=\"summary_large_image\" \/>\n<script type=\"application\/ld+json\" class=\"yoast-schema-graph\">{\"@context\":\"https:\/\/schema.org\",\"@graph\":[{\"@type\":\"WebPage\",\"@id\":\"https:\/\/www.molkimya.com.tr\/kalite-politikamiz\/\",\"url\":\"https:\/\/www.molkimya.com.tr\/kalite-politikamiz\/\",\"name\":\"Kalite Politikam\u0131z - Mol Kimya\",\"isPartOf\":{\"@id\":\"https:\/\/www.molkimya.com.tr\/#website\"},\"primaryImageOfPage\":{\"@id\":\"https:\/\/www.molkimya.com.tr\/kalite-politikamiz\/#primaryimage\"},\"image\":{\"@id\":\"https:\/\/www.molkimya.com.tr\/kalite-politikamiz\/#primaryimage\"},\"thumbnailUrl\":\"\",\"datePublished\":\"2021-01-05T22:36:51+00:00\",\"dateModified\":\"2021-07-04T22:15:45+00:00\",\"breadcrumb\":{\"@id\":\"https:\/\/www.molkimya.com.tr\/kalite-politikamiz\/#breadcrumb\"},\"inLanguage\":\"en-US\",\"potentialAction\":[{\"@type\":\"ReadAction\",\"target\":[\"https:\/\/www.molkimya.com.tr\/kalite-politikamiz\/\"]}]},{\"@type\":\"ImageObject\",\"inLanguage\":\"en-US\",\"@id\":\"https:\/\/www.molkimya.com.tr\/kalite-politikamiz\/#primaryimage\",\"url\":\"\",\"contentUrl\":\"\"},{\"@type\":\"BreadcrumbList\",\"@id\":\"https:\/\/www.molkimya.com.tr\/kalite-politikamiz\/#breadcrumb\",\"itemListElement\":[{\"@type\":\"ListItem\",\"position\":1,\"name\":\"Ana sayfa\",\"item\":\"https:\/\/www.molkimya.com.tr\/\"},{\"@type\":\"ListItem\",\"position\":2,\"name\":\"Kalite Politikam\u0131z\"}]},{\"@type\":\"WebSite\",\"@id\":\"https:\/\/www.molkimya.com.tr\/#website\",\"url\":\"https:\/\/www.molkimya.com.tr\/\",\"name\":\"Mol Kimya\",\"description\":\"Kimyasal \u00c7\u00f6z\u00fcm Orta\u011f\u0131n\u0131z\",\"alternateName\":\"molkimya.com\",\"potentialAction\":[{\"@type\":\"SearchAction\",\"target\":{\"@type\":\"EntryPoint\",\"urlTemplate\":\"https:\/\/www.molkimya.com.tr\/?s={search_term_string}\"},\"query-input\":{\"@type\":\"PropertyValueSpecification\",\"valueRequired\":true,\"valueName\":\"search_term_string\"}}],\"inLanguage\":\"en-US\"}]}<\/script>\n<!-- \/ Yoast SEO plugin. -->","yoast_head_json":{"title":"Kalite Politikam\u0131z - Mol Kimya","robots":{"index":"index","follow":"follow","max-snippet":"max-snippet:-1","max-image-preview":"max-image-preview:large","max-video-preview":"max-video-preview:-1"},"canonical":"https:\/\/www.molkimya.com.tr\/en\/kalite-politikamiz\/","og_locale":"en_US","og_type":"article","og_title":"Kalite Politikam\u0131z - Mol Kimya","og_description":"Kalite Politikam\u0131z M\u00fc\u015fteri beklentilerini t\u00fcm\u00fcyle kar\u015f\u0131lamay\u0131 hedefleyen \u015firketimizin kalite politikas\u0131; S\u00fcrekli iyile\u015ftirme yakla\u015f\u0131m\u0131 do\u011frultusunda t\u00fcm s\u00fcre\u00e7lerimizdeki verimlili\u011fin rekabet edebilecek seviyeye y\u00fckseltilmesi, Sat\u0131\u015f \u00f6ncesi ve sonras\u0131 her t\u00fcrl\u00fc teknik destek sa\u011flayarak m\u00fc\u015fteri memnuniyetini s\u00fcrd\u00fcrmek Faaliyetlerimizi s\u00fcrd\u00fcr\u00fcrken, \u00e7evreyi ve do\u011fal kaynaklar\u0131 korumak \u0130\u015f ili\u015fkisinde bulundu\u011fumuz firmalar\u0131m\u0131z ve tedarik\u00e7ilerimiz ile kar\u015f\u0131l\u0131kl\u0131 i\u015fbirli\u011fi ve g\u00fcven i\u00e7erisinde \u00e7al\u0131\u015f\u0131p verimlili\u011fimizi artt\u0131rmak","og_url":"https:\/\/www.molkimya.com.tr\/en\/kalite-politikamiz\/","og_site_name":"Mol Kimya","article_modified_time":"2021-07-04T22:15:45+00:00","twitter_card":"summary_large_image","schema":{"@context":"https:\/\/schema.org","@graph":[{"@type":"WebPage","@id":"https:\/\/www.molkimya.com.tr\/kalite-politikamiz\/","url":"https:\/\/www.molkimya.com.tr\/kalite-politikamiz\/","name":"Kalite Politikam\u0131z - Mol Kimya","isPartOf":{"@id":"https:\/\/www.molkimya.com.tr\/#website"},"primaryImageOfPage":{"@id":"https:\/\/www.molkimya.com.tr\/kalite-politikamiz\/#primaryimage"},"image":{"@id":"https:\/\/www.molkimya.com.tr\/kalite-politikamiz\/#primaryimage"},"thumbnailUrl":"","datePublished":"2021-01-05T22:36:51+00:00","dateModified":"2021-07-04T22:15:45+00:00","breadcrumb":{"@id":"https:\/\/www.molkimya.com.tr\/kalite-politikamiz\/#breadcrumb"},"inLanguage":"en-US","potentialAction":[{"@type":"ReadAction","target":["https:\/\/www.molkimya.com.tr\/kalite-politikamiz\/"]}]},{"@type":"ImageObject","inLanguage":"en-US","@id":"https:\/\/www.molkimya.com.tr\/kalite-politikamiz\/#primaryimage","url":"","contentUrl":""},{"@type":"BreadcrumbList","@id":"https:\/\/www.molkimya.com.tr\/kalite-politikamiz\/#breadcrumb","itemListElement":[{"@type":"ListItem","position":1,"name":"Ana sayfa","item":"https:\/\/www.molkimya.com.tr\/"},{"@type":"ListItem","position":2,"name":"Kalite Politikam\u0131z"}]},{"@type":"WebSite","@id":"https:\/\/www.molkimya.com.tr\/#website","url":"https:\/\/www.molkimya.com.tr\/","name":"Mol Kimya","description":"Kimyasal \u00c7\u00f6z\u00fcm Orta\u011f\u0131n\u0131z","alternateName":"molkimya.com","potentialAction":[{"@type":"SearchAction","target":{"@type":"EntryPoint","urlTemplate":"https:\/\/www.molkimya.com.tr\/?s={search_term_string}"},"query-input":{"@type":"PropertyValueSpecification","valueRequired":true,"valueName":"search_term_string"}}],"inLanguage":"en-US"}]}},"_links":{"self":[{"href":"https:\/\/www.molkimya.com.tr\/en\/wp-json\/wp\/v2\/pages\/4343","targetHints":{"allow":["GET"]}}],"collection":[{"href":"https:\/\/www.molkimya.com.tr\/en\/wp-json\/wp\/v2\/pages"}],"about":[{"href":"https:\/\/www.molkimya.com.tr\/en\/wp-json\/wp\/v2\/types\/page"}],"author":[{"embeddable":true,"href":"https:\/\/www.molkimya.com.tr\/en\/wp-json\/wp\/v2\/users\/1"}],"replies":[{"embeddable":true,"href":"https:\/\/www.molkimya.com.tr\/en\/wp-json\/wp\/v2\/comments?post=4343"}],"version-history":[{"count":23,"href":"https:\/\/www.molkimya.com.tr\/en\/wp-json\/wp\/v2\/pages\/4343\/revisions"}],"predecessor-version":[{"id":5925,"href":"https:\/\/www.molkimya.com.tr\/en\/wp-json\/wp\/v2\/pages\/4343\/revisions\/5925"}],"wp:featuredmedia":[{"embeddable":true,"href":"https:\/\/www.molkimya.com.tr\/en\/wp-json\/"}],"wp:attachment":[{"href":"https:\/\/www.molkimya.com.tr\/en\/wp-json\/wp\/v2\/media?parent=4343"}],"curies":[{"name":"wp","href":"https:\/\/api.w.org\/{rel}","templated":true}]}}