{"id":51,"date":"2021-06-08T23:47:20","date_gmt":"2021-06-08T20:47:20","guid":{"rendered":"http:\/\/molkimya.com.tr\/?page_id=51"},"modified":"2023-09-21T13:51:56","modified_gmt":"2023-09-21T10:51:56","slug":"contact","status":"publish","type":"page","link":"https:\/\/www.molkimya.com.tr\/en\/contact\/","title":{"rendered":"Contact"},"content":{"rendered":"<div data-elementor-type=\"wp-page\" data-elementor-id=\"51\" class=\"elementor elementor-51\" data-elementor-settings=\"[]\">\n\t\t\t\t\t\t\t<div class=\"elementor-section-wrap\">\n\t\t\t\t\t\t\t<section class=\"elementor-section elementor-top-section elementor-element elementor-element-cbb35be elementor-section-boxed elementor-section-height-default elementor-section-height-default\" data-id=\"cbb35be\" data-element_type=\"section\">\n\t\t\t\t\t\t<div class=\"elementor-container elementor-column-gap-default\">\n\t\t\t\t\t<div class=\"elementor-column elementor-col-50 elementor-top-column elementor-element elementor-element-e13cee8\" data-id=\"e13cee8\" data-element_type=\"column\">\n\t\t\t<div class=\"elementor-widget-wrap elementor-element-populated\">\n\t\t\t\t\t\t\t\t<div class=\"elementor-element elementor-element-ebd5020 elementor-widget elementor-widget-google_maps\" data-id=\"ebd5020\" data-element_type=\"widget\" data-widget_type=\"google_maps.default\">\n\t\t\t\t<div class=\"elementor-widget-container\">\n\t\t\t\t\t<div class=\"elementor-custom-embed\">\n\t\t\t<iframe frameborder=\"0\" scrolling=\"no\" marginheight=\"0\" marginwidth=\"0\" data-src=\"https:\/\/maps.google.com\/maps?q=Mol%20Kimya&amp;t=m&amp;z=15&amp;output=embed&amp;iwloc=near\" title=\"%3$s\" aria-label=\"%3$s\" src=\"data:image\/svg+xml;base64,PHN2ZyB3aWR0aD0iMSIgaGVpZ2h0PSIxIiB4bWxucz0iaHR0cDovL3d3dy53My5vcmcvMjAwMC9zdmciPjwvc3ZnPg==\" class=\"lazyload\" data-load-mode=\"1\"><\/iframe>\n\t\t<\/div>\n\t\t\t\t<\/div>\n\t\t\t\t<\/div>\n\t\t\t\t\t<\/div>\n\t\t<\/div>\n\t\t\t\t<div class=\"elementor-column elementor-col-25 elementor-top-column elementor-element elementor-element-25039a1\" data-id=\"25039a1\" data-element_type=\"column\">\n\t\t\t<div class=\"elementor-widget-wrap elementor-element-populated\">\n\t\t\t\t\t\t\t\t<div class=\"elementor-element elementor-element-497d23f elementor-widget elementor-widget-text-editor\" data-id=\"497d23f\" data-element_type=\"widget\" data-widget_type=\"text-editor.default\">\n\t\t\t\t<div class=\"elementor-widget-container\">\n\t\t\t\t\t\t\t\t<p class=\"footer-title\"><strong>ADDRESS<\/strong><\/p><p>Kestel OSB, G\u00fcvenli Sokak No:1, 16450<\/p><p>Kestel\/Bursa<\/p>\t\t\t\t\t\t<\/div>\n\t\t\t\t<\/div>\n\t\t\t\t\t<\/div>\n\t\t<\/div>\n\t\t\t\t<div class=\"elementor-column elementor-col-25 elementor-top-column elementor-element elementor-element-ca79001\" data-id=\"ca79001\" data-element_type=\"column\">\n\t\t\t<div class=\"elementor-widget-wrap elementor-element-populated\">\n\t\t\t\t\t\t\t\t<div class=\"elementor-element elementor-element-c3395c6 elementor-widget elementor-widget-text-editor\" data-id=\"c3395c6\" data-element_type=\"widget\" data-widget_type=\"text-editor.default\">\n\t\t\t\t<div class=\"elementor-widget-container\">\n\t\t\t\t\t\t\t\t<p class=\"footer-title\"><strong>CONTACT<\/strong><\/p><p class=\" translation-block\">Tel: \u00a0\u00a0 \u00a0\u00a0 \u00a0<span aria-label=\"Call +49 8106 9981666\">+49 8106 9981666<\/span><br>E-Mail: <a href=\"mailto:export@molkimya.com.tr\" target=\"_self\">export@molkimya.com.tr<\/a><\/p>\t\t\t\t\t\t<\/div>\n\t\t\t\t<\/div>\n\t\t\t\t\t<\/div>\n\t\t<\/div>\n\t\t\t\t\t\t\t<\/div>\n\t\t<\/section>\n\t\t\t\t<section class=\"elementor-section elementor-top-section elementor-element elementor-element-23742f7 elementor-section-boxed elementor-section-height-default elementor-section-height-default\" data-id=\"23742f7\" data-element_type=\"section\">\n\t\t\t\t\t\t<div class=\"elementor-container elementor-column-gap-default\">\n\t\t\t\t\t<div class=\"elementor-column elementor-col-16 elementor-top-column elementor-element elementor-element-c2b2905\" data-id=\"c2b2905\" data-element_type=\"column\">\n\t\t\t<div class=\"elementor-widget-wrap\">\n\t\t\t\t\t\t\t\t\t<\/div>\n\t\t<\/div>\n\t\t\t\t<div class=\"elementor-column elementor-col-66 elementor-top-column elementor-element elementor-element-f120ee2\" data-id=\"f120ee2\" data-element_type=\"column\">\n\t\t\t<div class=\"elementor-widget-wrap elementor-element-populated\">\n\t\t\t\t\t\t\t\t<div class=\"elementor-element elementor-element-56b218e elementor-widget elementor-widget-ova_heading\" data-id=\"56b218e\" data-element_type=\"widget\" data-widget_type=\"ova_heading.default\">\n\t\t\t\t<div class=\"elementor-widget-container\">\n\t\t\t\t\t<div class=\"ova-heading\">\n\t\t\t\n\t\t\t\t\t\t\t<h3 class=\"title second_font\">Send Message <\/h3>\n\t\t\t\n\t\t\t\t\t\t\t<p class=\"sub-title\">We reply to messages within 24 hours<\/p>\n\t\t\t\n\t\t<\/div>\n\t\t\t\t<\/div>\n\t\t\t\t<\/div>\n\t\t\t\t<div class=\"elementor-element elementor-element-63b513f elementor-widget elementor-widget-shortcode\" data-id=\"63b513f\" data-element_type=\"widget\" data-widget_type=\"shortcode.default\">\n\t\t\t\t<div class=\"elementor-widget-container\">\n\t\t\t\t\t<div class=\"elementor-shortcode\">\n<div class=\"wpcf7 no-js\" id=\"wpcf7-f294-o1\" lang=\"en-US\" dir=\"ltr\" data-wpcf7-id=\"294\">\n<div class=\"screen-reader-response\"><p role=\"status\" aria-live=\"polite\" aria-atomic=\"true\"><\/p> <ul><\/ul><\/div>\n<form action=\"\/en\/wp-json\/wp\/v2\/pages\/51#wpcf7-f294-o1\" method=\"post\" class=\"wpcf7-form init\" aria-label=\"Contact form\" novalidate=\"novalidate\" data-status=\"init\" data-trp-original-action=\"\/en\/wp-json\/wp\/v2\/pages\/51#wpcf7-f294-o1\">\n<div style=\"display: none;\">\n<input type=\"hidden\" name=\"_wpcf7\" value=\"294\" \/>\n<input type=\"hidden\" name=\"_wpcf7_version\" value=\"6.0.4\" \/>\n<input type=\"hidden\" name=\"_wpcf7_locale\" value=\"en_US\" \/>\n<input type=\"hidden\" name=\"_wpcf7_unit_tag\" value=\"wpcf7-f294-o1\" \/>\n<input type=\"hidden\" name=\"_wpcf7_container_post\" value=\"0\" \/>\n<input type=\"hidden\" name=\"_wpcf7_posted_data_hash\" value=\"\" \/>\n<input type=\"hidden\" name=\"_wpcf7_recaptcha_response\" value=\"\" \/>\n<\/div>\n<div class=\"contact-form-egovt\">\n\t<div class=\"con\">\n\t\t<div class=\"input name\">\n\t\t\t<p><span class=\"wpcf7-form-control-wrap\" data-name=\"your-name\"><input size=\"40\" maxlength=\"400\" class=\"wpcf7-form-control wpcf7-text wpcf7-validates-as-required\" id=\"your-name\" aria-required=\"true\" aria-invalid=\"false\" placeholder=\"Name\" value=\"\" type=\"text\" name=\"your-name\" \/><\/span>\n\t\t\t<\/p>\n\t\t<\/div>\n\t\t<div class=\"input email\">\n\t\t\t<p><span class=\"wpcf7-form-control-wrap\" data-name=\"your-email\"><input size=\"40\" maxlength=\"400\" class=\"wpcf7-form-control wpcf7-email wpcf7-validates-as-required wpcf7-text wpcf7-validates-as-email\" id=\"your-email\" aria-required=\"true\" aria-invalid=\"false\" placeholder=\"Email\" value=\"\" type=\"email\" name=\"your-email\" \/><\/span>\n\t\t\t<\/p>\n\t\t<\/div>\n\t\t<div class=\"input phone\">\n\t\t\t<p><span class=\"wpcf7-form-control-wrap\" data-name=\"your-phone\"><input size=\"40\" maxlength=\"400\" class=\"wpcf7-form-control wpcf7-tel wpcf7-validates-as-required wpcf7-text wpcf7-validates-as-tel\" id=\"your-phone\" aria-required=\"true\" aria-invalid=\"false\" placeholder=\"Phone\" value=\"\" type=\"tel\" name=\"your-phone\" \/><\/span>\n\t\t\t<\/p>\n\t\t<\/div>\n\t\t<div class=\"input subject\">\n\t\t\t<p><span class=\"wpcf7-form-control-wrap\" data-name=\"your-subject\"><input size=\"40\" maxlength=\"400\" class=\"wpcf7-form-control wpcf7-text wpcf7-validates-as-required\" id=\"your-subject\" aria-required=\"true\" aria-invalid=\"false\" placeholder=\"Subject\" value=\"\" type=\"text\" name=\"your-subject\" \/><\/span>\n\t\t\t<\/p>\n\t\t<\/div>\n\t<\/div>\n\t<div class=\"con\">\n\t\t<div class=\"comment\">\n\t\t\t<p><span class=\"wpcf7-form-control-wrap\" data-name=\"your-comment\"><textarea cols=\"40\" rows=\"10\" maxlength=\"2000\" class=\"wpcf7-form-control wpcf7-textarea wpcf7-validates-as-required\" id=\"your-comment\" aria-required=\"true\" aria-invalid=\"false\" placeholder=\"Message...\" name=\"your-comment\"><\/textarea><\/span>\n\t\t\t<\/p>\n\t\t<\/div>\n\t<\/div>\n\t<p><input class=\"wpcf7-form-control wpcf7-submit has-spinner second_font\" id=\"form-submit\" type=\"submit\" value=\"Send Message\" \/>\n\t<\/p>\n<\/div>\n<span class=\"wpcf7-form-control-wrap recaptcha\" data-name=\"recaptcha\"><span data-sitekey=\"6LdkEpooAAAAACDdZ5RzfcLpl2BfAEIUOs6xmZy2\" class=\"wpcf7-form-control wpcf7-recaptcha g-recaptcha\"><\/span>\r\n<noscript>\r\n\t<div class=\"grecaptcha-noscript\">\r\n\t\t<iframe src=\"https:\/\/www.google.com\/recaptcha\/api\/fallback?k=6LdkEpooAAAAACDdZ5RzfcLpl2BfAEIUOs6xmZy2\" frameborder=\"0\" scrolling=\"no\" width=\"310\" height=\"430\">\r\n\t\t<\/iframe>\r\n\t\t<textarea name=\"g-recaptcha-response\" rows=\"3\" cols=\"40\" placeholder=\"reCaptcha Response Here\">\r\n\t\t<\/textarea>\r\n\t<\/div>\r\n<\/noscript>\r\n<\/span><div class=\"wpcf7-response-output\" aria-hidden=\"true\"><\/div>\n<input type=\"hidden\" name=\"trp-form-language\" value=\"en\"\/><\/form>\n<\/div>\n<\/div>\n\t\t\t\t<\/div>\n\t\t\t\t<\/div>\n\t\t\t\t\t<\/div>\n\t\t<\/div>\n\t\t\t\t<div class=\"elementor-column elementor-col-16 elementor-top-column elementor-element elementor-element-e3e65fa\" data-id=\"e3e65fa\" data-element_type=\"column\">\n\t\t\t<div class=\"elementor-widget-wrap\">\n\t\t\t\t\t\t\t\t\t<\/div>\n\t\t<\/div>\n\t\t\t\t\t\t\t<\/div>\n\t\t<\/section>\n\t\t\t\t\t\t<\/div>\n\t\t\t\t\t<\/div>","protected":false},"excerpt":{"rendered":"<p>ADRES Kestel OSB, G\u00fcvenli Sokak No:1, 16450 Kestel\/Bursa \u0130LET\u0130\u015e\u0130M Tel: \u00a0\u00a0 \u00a0\u00a0 \u00a00224 372 66 91E-Mail: destek@molkimya.com.tr Mesaj B\u0131rak\u0131n T\u00fcm Mesajlara 24 saat i\u00e7erisinde cevap veriyoruz<\/p>","protected":false},"author":1,"featured_media":0,"parent":0,"menu_order":0,"comment_status":"closed","ping_status":"closed","template":"","meta":{"footnotes":""},"class_list":["post-51","page","type-page","status-publish","hentry"],"yoast_head":"<!-- This site is optimized with the Yoast SEO plugin v24.6 - https:\/\/yoast.com\/wordpress\/plugins\/seo\/ -->\n<title>\u0130leti\u015fim - Mol Kimya<\/title>\n<meta name=\"robots\" content=\"index, follow, max-snippet:-1, max-image-preview:large, max-video-preview:-1\" \/>\n<link rel=\"canonical\" href=\"https:\/\/www.molkimya.com.tr\/en\/contact\/\" \/>\n<meta property=\"og:locale\" content=\"en_US\" \/>\n<meta property=\"og:type\" content=\"article\" \/>\n<meta property=\"og:title\" content=\"\u0130leti\u015fim - Mol Kimya\" \/>\n<meta property=\"og:description\" content=\"ADRES Kestel OSB, G\u00fcvenli Sokak No:1, 16450 Kestel\/Bursa \u0130LET\u0130\u015e\u0130M Tel: \u00a0\u00a0 \u00a0\u00a0 \u00a00224 372 66 91E-Mail: destek@molkimya.com.tr Mesaj B\u0131rak\u0131n T\u00fcm Mesajlara 24 saat i\u00e7erisinde cevap veriyoruz\" \/>\n<meta property=\"og:url\" content=\"https:\/\/www.molkimya.com.tr\/en\/contact\/\" \/>\n<meta property=\"og:site_name\" content=\"Mol Kimya\" \/>\n<meta property=\"article:modified_time\" content=\"2023-09-21T10:51:56+00:00\" \/>\n<meta name=\"twitter:card\" content=\"summary_large_image\" \/>\n<meta name=\"twitter:label1\" content=\"Est. reading time\" \/>\n\t<meta name=\"twitter:data1\" content=\"1 minute\" \/>\n<script type=\"application\/ld+json\" class=\"yoast-schema-graph\">{\"@context\":\"https:\/\/schema.org\",\"@graph\":[{\"@type\":\"WebPage\",\"@id\":\"https:\/\/www.molkimya.com.tr\/contact\/\",\"url\":\"https:\/\/www.molkimya.com.tr\/contact\/\",\"name\":\"\u0130leti\u015fim - Mol Kimya\",\"isPartOf\":{\"@id\":\"https:\/\/www.molkimya.com.tr\/#website\"},\"datePublished\":\"2021-06-08T20:47:20+00:00\",\"dateModified\":\"2023-09-21T10:51:56+00:00\",\"breadcrumb\":{\"@id\":\"https:\/\/www.molkimya.com.tr\/contact\/#breadcrumb\"},\"inLanguage\":\"en-US\",\"potentialAction\":[{\"@type\":\"ReadAction\",\"target\":[\"https:\/\/www.molkimya.com.tr\/contact\/\"]}]},{\"@type\":\"BreadcrumbList\",\"@id\":\"https:\/\/www.molkimya.com.tr\/contact\/#breadcrumb\",\"itemListElement\":[{\"@type\":\"ListItem\",\"position\":1,\"name\":\"Ana sayfa\",\"item\":\"https:\/\/www.molkimya.com.tr\/\"},{\"@type\":\"ListItem\",\"position\":2,\"name\":\"\u0130leti\u015fim\"}]},{\"@type\":\"WebSite\",\"@id\":\"https:\/\/www.molkimya.com.tr\/#website\",\"url\":\"https:\/\/www.molkimya.com.tr\/\",\"name\":\"Mol Kimya\",\"description\":\"Kimyasal \u00c7\u00f6z\u00fcm Orta\u011f\u0131n\u0131z\",\"alternateName\":\"molkimya.com\",\"potentialAction\":[{\"@type\":\"SearchAction\",\"target\":{\"@type\":\"EntryPoint\",\"urlTemplate\":\"https:\/\/www.molkimya.com.tr\/?s={search_term_string}\"},\"query-input\":{\"@type\":\"PropertyValueSpecification\",\"valueRequired\":true,\"valueName\":\"search_term_string\"}}],\"inLanguage\":\"en-US\"}]}<\/script>\n<!-- \/ Yoast SEO plugin. -->","yoast_head_json":{"title":"\u0130leti\u015fim - Mol Kimya","robots":{"index":"index","follow":"follow","max-snippet":"max-snippet:-1","max-image-preview":"max-image-preview:large","max-video-preview":"max-video-preview:-1"},"canonical":"https:\/\/www.molkimya.com.tr\/en\/contact\/","og_locale":"en_US","og_type":"article","og_title":"\u0130leti\u015fim - Mol Kimya","og_description":"ADRES Kestel OSB, G\u00fcvenli Sokak No:1, 16450 Kestel\/Bursa \u0130LET\u0130\u015e\u0130M Tel: \u00a0\u00a0 \u00a0\u00a0 \u00a00224 372 66 91E-Mail: destek@molkimya.com.tr Mesaj B\u0131rak\u0131n T\u00fcm Mesajlara 24 saat i\u00e7erisinde cevap veriyoruz","og_url":"https:\/\/www.molkimya.com.tr\/en\/contact\/","og_site_name":"Mol Kimya","article_modified_time":"2023-09-21T10:51:56+00:00","twitter_card":"summary_large_image","twitter_misc":{"Est. reading time":"1 minute"},"schema":{"@context":"https:\/\/schema.org","@graph":[{"@type":"WebPage","@id":"https:\/\/www.molkimya.com.tr\/contact\/","url":"https:\/\/www.molkimya.com.tr\/contact\/","name":"\u0130leti\u015fim - Mol Kimya","isPartOf":{"@id":"https:\/\/www.molkimya.com.tr\/#website"},"datePublished":"2021-06-08T20:47:20+00:00","dateModified":"2023-09-21T10:51:56+00:00","breadcrumb":{"@id":"https:\/\/www.molkimya.com.tr\/contact\/#breadcrumb"},"inLanguage":"en-US","potentialAction":[{"@type":"ReadAction","target":["https:\/\/www.molkimya.com.tr\/contact\/"]}]},{"@type":"BreadcrumbList","@id":"https:\/\/www.molkimya.com.tr\/contact\/#breadcrumb","itemListElement":[{"@type":"ListItem","position":1,"name":"Ana sayfa","item":"https:\/\/www.molkimya.com.tr\/"},{"@type":"ListItem","position":2,"name":"\u0130leti\u015fim"}]},{"@type":"WebSite","@id":"https:\/\/www.molkimya.com.tr\/#website","url":"https:\/\/www.molkimya.com.tr\/","name":"Mol Kimya","description":"Kimyasal \u00c7\u00f6z\u00fcm Orta\u011f\u0131n\u0131z","alternateName":"molkimya.com","potentialAction":[{"@type":"SearchAction","target":{"@type":"EntryPoint","urlTemplate":"https:\/\/www.molkimya.com.tr\/?s={search_term_string}"},"query-input":{"@type":"PropertyValueSpecification","valueRequired":true,"valueName":"search_term_string"}}],"inLanguage":"en-US"}]}},"_links":{"self":[{"href":"https:\/\/www.molkimya.com.tr\/en\/wp-json\/wp\/v2\/pages\/51","targetHints":{"allow":["GET"]}}],"collection":[{"href":"https:\/\/www.molkimya.com.tr\/en\/wp-json\/wp\/v2\/pages"}],"about":[{"href":"https:\/\/www.molkimya.com.tr\/en\/wp-json\/wp\/v2\/types\/page"}],"author":[{"embeddable":true,"href":"https:\/\/www.molkimya.com.tr\/en\/wp-json\/wp\/v2\/users\/1"}],"replies":[{"embeddable":true,"href":"https:\/\/www.molkimya.com.tr\/en\/wp-json\/wp\/v2\/comments?post=51"}],"version-history":[{"count":21,"href":"https:\/\/www.molkimya.com.tr\/en\/wp-json\/wp\/v2\/pages\/51\/revisions"}],"predecessor-version":[{"id":6487,"href":"https:\/\/www.molkimya.com.tr\/en\/wp-json\/wp\/v2\/pages\/51\/revisions\/6487"}],"wp:attachment":[{"href":"https:\/\/www.molkimya.com.tr\/en\/wp-json\/wp\/v2\/media?parent=51"}],"curies":[{"name":"wp","href":"https:\/\/api.w.org\/{rel}","templated":true}]}}