{"id":5349,"date":"2020-07-10T03:09:24","date_gmt":"2020-07-10T03:09:24","guid":{"rendered":"http:\/\/demo.ovathemes.com\/egovt\/?page_id=68"},"modified":"2023-09-01T11:06:07","modified_gmt":"2023-09-01T08:06:07","slug":"home","status":"publish","type":"page","link":"https:\/\/www.molkimya.com.tr\/en\/","title":{"rendered":"Home"},"content":{"rendered":"<div data-elementor-type=\"wp-page\" data-elementor-id=\"5349\" class=\"elementor elementor-5349\" data-elementor-settings=\"[]\">\n\t\t\t\t\t\t\t<div class=\"elementor-section-wrap\">\n\t\t\t\t\t\t\t<section class=\"elementor-section elementor-top-section elementor-element elementor-element-352f068 elementor-section-boxed elementor-section-height-default elementor-section-height-default\" data-id=\"352f068\" data-element_type=\"section\">\n\t\t\t\t\t\t<div class=\"elementor-container elementor-column-gap-default\">\n\t\t\t\t\t<div class=\"elementor-column elementor-col-100 elementor-top-column elementor-element elementor-element-e08d023\" data-id=\"e08d023\" data-element_type=\"column\">\n\t\t\t<div class=\"elementor-widget-wrap elementor-element-populated\">\n\t\t\t\t\t\t\t\t<div class=\"elementor-element elementor-element-5db3edb elementor-widget-divider--view-line elementor-widget elementor-widget-divider\" data-id=\"5db3edb\" data-element_type=\"widget\" data-widget_type=\"divider.default\">\n\t\t\t\t<div class=\"elementor-widget-container\">\n\t\t\t\t\t<div class=\"elementor-divider\">\n\t\t\t<span class=\"elementor-divider-separator\">\n\t\t\t\t\t\t<\/span>\n\t\t<\/div>\n\t\t\t\t<\/div>\n\t\t\t\t<\/div>\n\t\t\t\t\t<\/div>\n\t\t<\/div>\n\t\t\t\t\t\t\t<\/div>\n\t\t<\/section>\n\t\t\t\t<section class=\"elementor-section elementor-top-section elementor-element elementor-element-ef95416 elementor-section-boxed elementor-section-height-default elementor-section-height-default\" data-id=\"ef95416\" data-element_type=\"section\" data-settings=\"{&quot;background_background&quot;:&quot;classic&quot;}\">\n\t\t\t\t\t\t<div class=\"elementor-container elementor-column-gap-default\">\n\t\t\t\t\t<div class=\"elementor-column elementor-col-100 elementor-top-column elementor-element elementor-element-2b55bdb\" data-id=\"2b55bdb\" data-element_type=\"column\">\n\t\t\t<div class=\"elementor-widget-wrap elementor-element-populated\">\n\t\t\t\t\t\t\t\t<section class=\"elementor-section elementor-inner-section elementor-element elementor-element-9691634 elementor-section-boxed elementor-section-height-default elementor-section-height-default\" data-id=\"9691634\" data-element_type=\"section\">\n\t\t\t\t\t\t<div class=\"elementor-container elementor-column-gap-default\">\n\t\t\t\t\t<div class=\"elementor-column elementor-col-33 elementor-inner-column elementor-element elementor-element-9fee4fb\" data-id=\"9fee4fb\" data-element_type=\"column\">\n\t\t\t<div class=\"elementor-widget-wrap elementor-element-populated\">\n\t\t\t\t\t\t\t\t<div class=\"elementor-element elementor-element-a3ec10b elementor-widget elementor-widget-ova_feature_box\" data-id=\"a3ec10b\" data-element_type=\"widget\" data-widget_type=\"ova_feature_box.default\">\n\t\t\t\t<div class=\"elementor-widget-container\">\n\t\t\t\t\t<div class=\"ova_feature_box version_1\">\n\t\t\t<div class=\"ova-image\">\n\t\t\t\t<a href=\"https:\/\/www.molkimya.com.tr\/en\/urunler\/\">\n\t\t\t\t\t\t\t\t\t\t<img decoding=\"async\" data-src=\"http:\/\/molkimya.com.tr\/wp-content\/uploads\/2021\/06\/Chemst.jpg\" alt=\"\" src=\"data:image\/svg+xml;base64,PHN2ZyB3aWR0aD0iMSIgaGVpZ2h0PSIxIiB4bWxucz0iaHR0cDovL3d3dy53My5vcmcvMjAwMC9zdmciPjwvc3ZnPg==\" class=\"lazyload\">\n\t\t\t\t\t\t\t\t\t\t\t\t\t\t<\/a>\n\t\t\t<\/div>\n\t\t\t<div class=\"ova-content\">\n\t\t\t\t<h3 class=\"title\">\n\t\t\t\t\t<a href=\"https:\/\/www.molkimya.com.tr\/en\/urunler\/\">\n\t\t\t\t\t\tProducts\t\t\t\t\t<\/a>\n\t\t\t\t<\/h3>\n\t\t\t\t\t\t\t\t<div class=\"readmore\">\n\t\t\t\t\t<a href=\"https:\/\/www.molkimya.com.tr\/en\/urunler\/\" class=\"second_font\">\n\t\t\t\t\t\t\t\t\t\t\t\t<i data-feather=\"chevron-right\"><\/i>\n\t\t\t\t\t<\/a>\n\t\t\t\t<\/div>\n\t\t\t\t\t\t\t\t\t\t\t\t<\/div>\n\n\t\t<\/div>\n\t\t\t\t<\/div>\n\t\t\t\t<\/div>\n\t\t\t\t\t<\/div>\n\t\t<\/div>\n\t\t\t\t<div class=\"elementor-column elementor-col-33 elementor-inner-column elementor-element elementor-element-e19e09d\" data-id=\"e19e09d\" data-element_type=\"column\">\n\t\t\t<div class=\"elementor-widget-wrap elementor-element-populated\">\n\t\t\t\t\t\t\t\t<div class=\"elementor-element elementor-element-9ce1001 elementor-widget elementor-widget-ova_feature_box\" data-id=\"9ce1001\" data-element_type=\"widget\" data-widget_type=\"ova_feature_box.default\">\n\t\t\t\t<div class=\"elementor-widget-container\">\n\t\t\t\t\t<div class=\"ova_feature_box version_1\">\n\t\t\t<div class=\"ova-image\">\n\t\t\t\t<a href=\"https:\/\/www.molkimya.com.tr\/en\/cevre-politikamiz\/\">\n\t\t\t\t\t\t\t\t\t\t<img decoding=\"async\" data-src=\"http:\/\/molkimya.com.tr\/wp-content\/uploads\/2021\/06\/Ekran-Resmi-2021-06-22-14.53.38.png\" alt=\"\" src=\"data:image\/svg+xml;base64,PHN2ZyB3aWR0aD0iMSIgaGVpZ2h0PSIxIiB4bWxucz0iaHR0cDovL3d3dy53My5vcmcvMjAwMC9zdmciPjwvc3ZnPg==\" class=\"lazyload\">\n\t\t\t\t\t\t\t\t\t\t\t\t\t\t<\/a>\n\t\t\t<\/div>\n\t\t\t<div class=\"ova-content\">\n\t\t\t\t<h3 class=\"title\">\n\t\t\t\t\t<a href=\"https:\/\/www.molkimya.com.tr\/en\/cevre-politikamiz\/\">\n\t\t\t\t\t\tEnvironment Policy\t\t\t\t\t<\/a>\n\t\t\t\t<\/h3>\n\t\t\t\t\t\t\t\t<div class=\"readmore\">\n\t\t\t\t\t<a href=\"https:\/\/www.molkimya.com.tr\/en\/cevre-politikamiz\/\" class=\"second_font\">\n\t\t\t\t\t\t\t\t\t\t\t\t<i data-feather=\"chevron-right\"><\/i>\n\t\t\t\t\t<\/a>\n\t\t\t\t<\/div>\n\t\t\t\t\t\t\t\t\t\t\t\t<\/div>\n\n\t\t<\/div>\n\t\t\t\t<\/div>\n\t\t\t\t<\/div>\n\t\t\t\t\t<\/div>\n\t\t<\/div>\n\t\t\t\t<div class=\"elementor-column elementor-col-33 elementor-inner-column elementor-element elementor-element-a7bdb70\" data-id=\"a7bdb70\" data-element_type=\"column\">\n\t\t\t<div class=\"elementor-widget-wrap elementor-element-populated\">\n\t\t\t\t\t\t\t\t<div class=\"elementor-element elementor-element-fc63077 elementor-widget elementor-widget-ova_feature_box\" data-id=\"fc63077\" data-element_type=\"widget\" data-widget_type=\"ova_feature_box.default\">\n\t\t\t\t<div class=\"elementor-widget-container\">\n\t\t\t\t\t<div class=\"ova_feature_box version_1\">\n\t\t\t<div class=\"ova-image\">\n\t\t\t\t<a href=\"https:\/\/www.molkimya.com.tr\/en\/kalite-politikamiz\/\">\n\t\t\t\t\t\t\t\t\t\t<img decoding=\"async\" data-src=\"http:\/\/molkimya.com.tr\/wp-content\/uploads\/2021\/06\/GettyImages-563876763-488af0444ebf4e429ae485b417f9355c.jpg\" alt=\"\" src=\"data:image\/svg+xml;base64,PHN2ZyB3aWR0aD0iMSIgaGVpZ2h0PSIxIiB4bWxucz0iaHR0cDovL3d3dy53My5vcmcvMjAwMC9zdmciPjwvc3ZnPg==\" class=\"lazyload\">\n\t\t\t\t\t\t\t\t\t\t\t\t\t\t<\/a>\n\t\t\t<\/div>\n\t\t\t<div class=\"ova-content\">\n\t\t\t\t<h3 class=\"title\">\n\t\t\t\t\t<a href=\"https:\/\/www.molkimya.com.tr\/en\/kalite-politikamiz\/\">\n\t\t\t\t\t\tQuality Policy\t\t\t\t\t<\/a>\n\t\t\t\t<\/h3>\n\t\t\t\t\t\t\t\t<div class=\"readmore\">\n\t\t\t\t\t<a href=\"https:\/\/www.molkimya.com.tr\/en\/kalite-politikamiz\/\" class=\"second_font\">\n\t\t\t\t\t\t\t\t\t\t\t\t<i data-feather=\"chevron-right\"><\/i>\n\t\t\t\t\t<\/a>\n\t\t\t\t<\/div>\n\t\t\t\t\t\t\t\t\t\t\t\t<\/div>\n\n\t\t<\/div>\n\t\t\t\t<\/div>\n\t\t\t\t<\/div>\n\t\t\t\t\t<\/div>\n\t\t<\/div>\n\t\t\t\t\t\t\t<\/div>\n\t\t<\/section>\n\t\t\t\t\t<\/div>\n\t\t<\/div>\n\t\t\t\t\t\t\t<\/div>\n\t\t<\/section>\n\t\t\t\t<section class=\"elementor-section elementor-top-section elementor-element elementor-element-d808149 elementor-section-boxed elementor-section-height-default elementor-section-height-default\" data-id=\"d808149\" data-element_type=\"section\" data-settings=\"{&quot;background_background&quot;:&quot;classic&quot;}\">\n\t\t\t\t\t\t<div class=\"elementor-container elementor-column-gap-default\">\n\t\t\t\t\t<div class=\"elementor-column elementor-col-50 elementor-top-column elementor-element elementor-element-00d17e9\" data-id=\"00d17e9\" data-element_type=\"column\">\n\t\t\t<div class=\"elementor-widget-wrap elementor-element-populated\">\n\t\t\t\t\t\t\t\t<div class=\"elementor-element elementor-element-aafe1c6 elementor-widget elementor-widget-heading\" data-id=\"aafe1c6\" data-element_type=\"widget\" data-widget_type=\"heading.default\">\n\t\t\t\t<div class=\"elementor-widget-container\">\n\t\t\t<h1 class=\"elementor-heading-title elementor-size-default translation-block\">Your ''CHEM\u0130CAL SOLUTION PARTNER ''<\/h1>\t\t<\/div>\n\t\t\t\t<\/div>\n\t\t\t\t<div class=\"elementor-element elementor-element-c3aa247 elementor-widget elementor-widget-text-editor\" data-id=\"c3aa247\" data-element_type=\"widget\" data-widget_type=\"text-editor.default\">\n\t\t\t\t<div class=\"elementor-widget-container\">\n\t\t\t\t\t\t\t\t<p>Our solutions are designed to be profitable for both ourselves and our customers. By focusing on our core values, we create an environment where both parties can achieve lucrative results. Collaborative teamwork yields greater profitability.<\/p><p>We operate our business in a sustainable manner, consider the impact of our activities on our local environment and seek to contribute to community and society\nWe place the highest priority on the Health and Safety of our employees and the longevity of our operations<\/p>\t\t\t\t\t\t<\/div>\n\t\t\t\t<\/div>\n\t\t\t\t\t<\/div>\n\t\t<\/div>\n\t\t\t\t<div class=\"elementor-column elementor-col-50 elementor-top-column elementor-element elementor-element-611fe37\" data-id=\"611fe37\" data-element_type=\"column\">\n\t\t\t<div class=\"elementor-widget-wrap elementor-element-populated\">\n\t\t\t\t\t\t\t\t<div class=\"elementor-element elementor-element-42bb64f elementor-invisible elementor-widget elementor-widget-image\" data-id=\"42bb64f\" data-element_type=\"widget\" data-settings=\"{&quot;_animation&quot;:&quot;slideInUp&quot;,&quot;_animation_delay&quot;:300,&quot;_animation_mobile&quot;:&quot;none&quot;}\" data-widget_type=\"image.default\">\n\t\t\t\t<div class=\"elementor-widget-container\">\n\t\t\t\t\t\t\t\t\t\t\t\t\t\t\t<img decoding=\"async\" width=\"547\" height=\"460\" data-src=\"https:\/\/www.molkimya.com.tr\/wp-content\/uploads\/2021\/07\/thisisengineering-raeng-kiVBdtYILQc-unsplash_547x460.jpg\" class=\"attachment-large size-large lazyload\" alt=\"\" data-srcset=\"https:\/\/www.molkimya.com.tr\/wp-content\/uploads\/2021\/07\/thisisengineering-raeng-kiVBdtYILQc-unsplash_547x460.jpg 547w, https:\/\/www.molkimya.com.tr\/wp-content\/uploads\/2021\/07\/thisisengineering-raeng-kiVBdtYILQc-unsplash_547x460-300x252.jpg 300w\" data-sizes=\"(max-width: 547px) 100vw, 547px\" src=\"data:image\/svg+xml;base64,PHN2ZyB3aWR0aD0iMSIgaGVpZ2h0PSIxIiB4bWxucz0iaHR0cDovL3d3dy53My5vcmcvMjAwMC9zdmciPjwvc3ZnPg==\" style=\"--smush-placeholder-width: 547px; --smush-placeholder-aspect-ratio: 547\/460;\" \/>\t\t\t\t\t\t\t\t\t\t\t\t\t\t\t<\/div>\n\t\t\t\t<\/div>\n\t\t\t\t<div class=\"elementor-element elementor-element-a49f22d elementor-widget__width-auto elementor-absolute elementor-widget-tablet__width-inherit elementor-widget-mobile__width-inherit elementor-hidden-phone elementor-invisible elementor-widget elementor-widget-image\" data-id=\"a49f22d\" data-element_type=\"widget\" data-settings=\"{&quot;_position&quot;:&quot;absolute&quot;,&quot;_animation&quot;:&quot;slideInRight&quot;}\" data-widget_type=\"image.default\">\n\t\t\t\t<div class=\"elementor-widget-container\">\n\t\t\t\t\t\t\t\t\t\t\t\t\t\t\t<img decoding=\"async\" width=\"377\" height=\"306\" data-src=\"https:\/\/www.molkimya.com.tr\/wp-content\/uploads\/2021\/07\/noah-buscher-x8ZStukS2PM-unsplash_377x306.jpg\" class=\"attachment-large size-large lazyload\" alt=\"\" data-srcset=\"https:\/\/www.molkimya.com.tr\/wp-content\/uploads\/2021\/07\/noah-buscher-x8ZStukS2PM-unsplash_377x306.jpg 377w, https:\/\/www.molkimya.com.tr\/wp-content\/uploads\/2021\/07\/noah-buscher-x8ZStukS2PM-unsplash_377x306-300x244.jpg 300w\" data-sizes=\"(max-width: 377px) 100vw, 377px\" src=\"data:image\/svg+xml;base64,PHN2ZyB3aWR0aD0iMSIgaGVpZ2h0PSIxIiB4bWxucz0iaHR0cDovL3d3dy53My5vcmcvMjAwMC9zdmciPjwvc3ZnPg==\" style=\"--smush-placeholder-width: 377px; --smush-placeholder-aspect-ratio: 377\/306;\" \/>\t\t\t\t\t\t\t\t\t\t\t\t\t\t\t<\/div>\n\t\t\t\t<\/div>\n\t\t\t\t\t<\/div>\n\t\t<\/div>\n\t\t\t\t\t\t\t<\/div>\n\t\t<\/section>\n\t\t\t\t\t\t<\/div>\n\t\t\t\t\t<\/div>","protected":false},"excerpt":{"rendered":"<p>\u00dcr\u00fcnler \u00c7evre Politikam\u0131z Kalite Politikam\u0131z &#8221;Kimyasal \u00e7\u00f6z\u00fcm orta\u011f\u0131n\u0131z&#8221; slogan\u0131 ile yan\u0131n\u0131zday\u0131z&#8230; M\u00fc\u015fterilerimize \u00a0s\u00fcrekli ve ihtiya\u00e7lar\u0131na uygun \u00e7\u00f6z\u00fcmler geli\u015ftirerek\u00a0d\u00fc\u015f\u00fck maliyetli, kaliteli ve g\u00fcvenli yeni \u00fcr\u00fcnler \u00fcreterek \u00e7al\u0131\u015fmalar\u0131m\u0131z\u0131 bu do\u011frultuda y\u00fcr\u00fctmekteyiz.Mol Kimya sadece sat\u0131\u015fa y\u00f6nelik haz\u0131r \u00fcr\u00fcn tedarik etmez m\u00fc\u015fteri istekleri do\u011frultusunda \u00f6zel \u00e7\u00f6z\u00fcmler de \u00fcretebilir. Ayn\u0131 zamanda firmam\u0131z\u0131n \u00e7evre ile ilgili duyarl\u0131l\u0131\u011f\u0131ndan dolay\u0131 faaliyetlerimizde ulusal ve [&hellip;]<\/p>","protected":false},"author":1,"featured_media":0,"parent":0,"menu_order":0,"comment_status":"closed","ping_status":"closed","template":"elementor_header_footer","meta":{"footnotes":""},"class_list":["post-5349","page","type-page","status-publish","hentry"],"yoast_head":"<!-- This site is optimized with the Yoast SEO plugin v24.6 - https:\/\/yoast.com\/wordpress\/plugins\/seo\/ -->\n<title>Home - Mol Kimya<\/title>\n<meta name=\"robots\" content=\"index, follow, max-snippet:-1, max-image-preview:large, max-video-preview:-1\" \/>\n<link rel=\"canonical\" href=\"https:\/\/www.molkimya.com.tr\/en\/\" \/>\n<meta property=\"og:locale\" content=\"en_US\" \/>\n<meta property=\"og:type\" content=\"article\" \/>\n<meta property=\"og:title\" content=\"Home - Mol Kimya\" \/>\n<meta property=\"og:description\" content=\"\u00dcr\u00fcnler \u00c7evre Politikam\u0131z Kalite Politikam\u0131z &#8221;Kimyasal \u00e7\u00f6z\u00fcm orta\u011f\u0131n\u0131z&#8221; slogan\u0131 ile yan\u0131n\u0131zday\u0131z&#8230; M\u00fc\u015fterilerimize \u00a0s\u00fcrekli ve ihtiya\u00e7lar\u0131na uygun \u00e7\u00f6z\u00fcmler geli\u015ftirerek\u00a0d\u00fc\u015f\u00fck maliyetli, kaliteli ve g\u00fcvenli yeni \u00fcr\u00fcnler \u00fcreterek \u00e7al\u0131\u015fmalar\u0131m\u0131z\u0131 bu do\u011frultuda y\u00fcr\u00fctmekteyiz.Mol Kimya sadece sat\u0131\u015fa y\u00f6nelik haz\u0131r \u00fcr\u00fcn tedarik etmez m\u00fc\u015fteri istekleri do\u011frultusunda \u00f6zel \u00e7\u00f6z\u00fcmler de \u00fcretebilir. Ayn\u0131 zamanda firmam\u0131z\u0131n \u00e7evre ile ilgili duyarl\u0131l\u0131\u011f\u0131ndan dolay\u0131 faaliyetlerimizde ulusal ve [&hellip;]\" \/>\n<meta property=\"og:url\" content=\"https:\/\/www.molkimya.com.tr\/en\/\" \/>\n<meta property=\"og:site_name\" content=\"Mol Kimya\" \/>\n<meta property=\"article:modified_time\" content=\"2023-09-01T08:06:07+00:00\" \/>\n<meta property=\"og:image\" content=\"http:\/\/molkimya.com.tr\/wp-content\/uploads\/2021\/06\/Chemst.jpg\" \/>\n<meta name=\"twitter:card\" content=\"summary_large_image\" \/>\n<meta name=\"twitter:label1\" content=\"Est. reading time\" \/>\n\t<meta name=\"twitter:data1\" content=\"2 minutes\" \/>\n<script type=\"application\/ld+json\" class=\"yoast-schema-graph\">{\"@context\":\"https:\/\/schema.org\",\"@graph\":[{\"@type\":\"WebPage\",\"@id\":\"https:\/\/www.molkimya.com.tr\/\",\"url\":\"https:\/\/www.molkimya.com.tr\/\",\"name\":\"Home - Mol Kimya\",\"isPartOf\":{\"@id\":\"https:\/\/www.molkimya.com.tr\/#website\"},\"primaryImageOfPage\":{\"@id\":\"https:\/\/www.molkimya.com.tr\/#primaryimage\"},\"image\":{\"@id\":\"https:\/\/www.molkimya.com.tr\/#primaryimage\"},\"thumbnailUrl\":\"http:\/\/molkimya.com.tr\/wp-content\/uploads\/2021\/06\/Chemst.jpg\",\"datePublished\":\"2020-07-10T03:09:24+00:00\",\"dateModified\":\"2023-09-01T08:06:07+00:00\",\"breadcrumb\":{\"@id\":\"https:\/\/www.molkimya.com.tr\/#breadcrumb\"},\"inLanguage\":\"en-US\",\"potentialAction\":[{\"@type\":\"ReadAction\",\"target\":[\"https:\/\/www.molkimya.com.tr\/\"]}]},{\"@type\":\"ImageObject\",\"inLanguage\":\"en-US\",\"@id\":\"https:\/\/www.molkimya.com.tr\/#primaryimage\",\"url\":\"http:\/\/molkimya.com.tr\/wp-content\/uploads\/2021\/06\/Chemst.jpg\",\"contentUrl\":\"http:\/\/molkimya.com.tr\/wp-content\/uploads\/2021\/06\/Chemst.jpg\"},{\"@type\":\"BreadcrumbList\",\"@id\":\"https:\/\/www.molkimya.com.tr\/#breadcrumb\",\"itemListElement\":[{\"@type\":\"ListItem\",\"position\":1,\"name\":\"Ana sayfa\",\"item\":\"https:\/\/www.molkimya.com.tr\/\"},{\"@type\":\"ListItem\",\"position\":2,\"name\":\"Home\"}]},{\"@type\":\"WebSite\",\"@id\":\"https:\/\/www.molkimya.com.tr\/#website\",\"url\":\"https:\/\/www.molkimya.com.tr\/\",\"name\":\"Mol Kimya\",\"description\":\"Kimyasal \u00c7\u00f6z\u00fcm Orta\u011f\u0131n\u0131z\",\"alternateName\":\"molkimya.com\",\"potentialAction\":[{\"@type\":\"SearchAction\",\"target\":{\"@type\":\"EntryPoint\",\"urlTemplate\":\"https:\/\/www.molkimya.com.tr\/?s={search_term_string}\"},\"query-input\":{\"@type\":\"PropertyValueSpecification\",\"valueRequired\":true,\"valueName\":\"search_term_string\"}}],\"inLanguage\":\"en-US\"}]}<\/script>\n<!-- \/ Yoast SEO plugin. -->","yoast_head_json":{"title":"Home - Mol Kimya","robots":{"index":"index","follow":"follow","max-snippet":"max-snippet:-1","max-image-preview":"max-image-preview:large","max-video-preview":"max-video-preview:-1"},"canonical":"https:\/\/www.molkimya.com.tr\/en\/","og_locale":"en_US","og_type":"article","og_title":"Home - Mol Kimya","og_description":"\u00dcr\u00fcnler \u00c7evre Politikam\u0131z Kalite Politikam\u0131z &#8221;Kimyasal \u00e7\u00f6z\u00fcm orta\u011f\u0131n\u0131z&#8221; slogan\u0131 ile yan\u0131n\u0131zday\u0131z&#8230; M\u00fc\u015fterilerimize \u00a0s\u00fcrekli ve ihtiya\u00e7lar\u0131na uygun \u00e7\u00f6z\u00fcmler geli\u015ftirerek\u00a0d\u00fc\u015f\u00fck maliyetli, kaliteli ve g\u00fcvenli yeni \u00fcr\u00fcnler \u00fcreterek \u00e7al\u0131\u015fmalar\u0131m\u0131z\u0131 bu do\u011frultuda y\u00fcr\u00fctmekteyiz.Mol Kimya sadece sat\u0131\u015fa y\u00f6nelik haz\u0131r \u00fcr\u00fcn tedarik etmez m\u00fc\u015fteri istekleri do\u011frultusunda \u00f6zel \u00e7\u00f6z\u00fcmler de \u00fcretebilir. Ayn\u0131 zamanda firmam\u0131z\u0131n \u00e7evre ile ilgili duyarl\u0131l\u0131\u011f\u0131ndan dolay\u0131 faaliyetlerimizde ulusal ve [&hellip;]","og_url":"https:\/\/www.molkimya.com.tr\/en\/","og_site_name":"Mol Kimya","article_modified_time":"2023-09-01T08:06:07+00:00","og_image":[{"url":"http:\/\/molkimya.com.tr\/wp-content\/uploads\/2021\/06\/Chemst.jpg","type":"","width":"","height":""}],"twitter_card":"summary_large_image","twitter_misc":{"Est. reading time":"2 minutes"},"schema":{"@context":"https:\/\/schema.org","@graph":[{"@type":"WebPage","@id":"https:\/\/www.molkimya.com.tr\/","url":"https:\/\/www.molkimya.com.tr\/","name":"Home - Mol Kimya","isPartOf":{"@id":"https:\/\/www.molkimya.com.tr\/#website"},"primaryImageOfPage":{"@id":"https:\/\/www.molkimya.com.tr\/#primaryimage"},"image":{"@id":"https:\/\/www.molkimya.com.tr\/#primaryimage"},"thumbnailUrl":"http:\/\/molkimya.com.tr\/wp-content\/uploads\/2021\/06\/Chemst.jpg","datePublished":"2020-07-10T03:09:24+00:00","dateModified":"2023-09-01T08:06:07+00:00","breadcrumb":{"@id":"https:\/\/www.molkimya.com.tr\/#breadcrumb"},"inLanguage":"en-US","potentialAction":[{"@type":"ReadAction","target":["https:\/\/www.molkimya.com.tr\/"]}]},{"@type":"ImageObject","inLanguage":"en-US","@id":"https:\/\/www.molkimya.com.tr\/#primaryimage","url":"http:\/\/molkimya.com.tr\/wp-content\/uploads\/2021\/06\/Chemst.jpg","contentUrl":"http:\/\/molkimya.com.tr\/wp-content\/uploads\/2021\/06\/Chemst.jpg"},{"@type":"BreadcrumbList","@id":"https:\/\/www.molkimya.com.tr\/#breadcrumb","itemListElement":[{"@type":"ListItem","position":1,"name":"Ana sayfa","item":"https:\/\/www.molkimya.com.tr\/"},{"@type":"ListItem","position":2,"name":"Home"}]},{"@type":"WebSite","@id":"https:\/\/www.molkimya.com.tr\/#website","url":"https:\/\/www.molkimya.com.tr\/","name":"Mol Kimya","description":"Kimyasal \u00c7\u00f6z\u00fcm Orta\u011f\u0131n\u0131z","alternateName":"molkimya.com","potentialAction":[{"@type":"SearchAction","target":{"@type":"EntryPoint","urlTemplate":"https:\/\/www.molkimya.com.tr\/?s={search_term_string}"},"query-input":{"@type":"PropertyValueSpecification","valueRequired":true,"valueName":"search_term_string"}}],"inLanguage":"en-US"}]}},"_links":{"self":[{"href":"https:\/\/www.molkimya.com.tr\/en\/wp-json\/wp\/v2\/pages\/5349","targetHints":{"allow":["GET"]}}],"collection":[{"href":"https:\/\/www.molkimya.com.tr\/en\/wp-json\/wp\/v2\/pages"}],"about":[{"href":"https:\/\/www.molkimya.com.tr\/en\/wp-json\/wp\/v2\/types\/page"}],"author":[{"embeddable":true,"href":"https:\/\/www.molkimya.com.tr\/en\/wp-json\/wp\/v2\/users\/1"}],"replies":[{"embeddable":true,"href":"https:\/\/www.molkimya.com.tr\/en\/wp-json\/wp\/v2\/comments?post=5349"}],"version-history":[{"count":79,"href":"https:\/\/www.molkimya.com.tr\/en\/wp-json\/wp\/v2\/pages\/5349\/revisions"}],"predecessor-version":[{"id":6453,"href":"https:\/\/www.molkimya.com.tr\/en\/wp-json\/wp\/v2\/pages\/5349\/revisions\/6453"}],"wp:attachment":[{"href":"https:\/\/www.molkimya.com.tr\/en\/wp-json\/wp\/v2\/media?parent=5349"}],"curies":[{"name":"wp","href":"https:\/\/api.w.org\/{rel}","templated":true}]}}