{"id":730,"date":"2020-07-29T02:27:29","date_gmt":"2020-07-28T23:27:29","guid":{"rendered":"http:\/\/demo.ovathemes.com\/egovt\/?page_id=730"},"modified":"2021-07-10T14:15:14","modified_gmt":"2021-07-10T11:15:14","slug":"urunler","status":"publish","type":"page","link":"https:\/\/www.molkimya.com.tr\/en\/urunler\/","title":{"rendered":"Products"},"content":{"rendered":"<div data-elementor-type=\"wp-page\" data-elementor-id=\"730\" class=\"elementor elementor-730\" data-elementor-settings=\"[]\">\n\t\t\t\t\t\t\t<div class=\"elementor-section-wrap\">\n\t\t\t\t\t\t\t<section class=\"elementor-section elementor-top-section elementor-element elementor-element-b3ce476 elementor-section-boxed elementor-section-height-default elementor-section-height-default\" data-id=\"b3ce476\" data-element_type=\"section\">\n\t\t\t\t\t\t<div class=\"elementor-container elementor-column-gap-default\">\n\t\t\t\t\t<div class=\"elementor-column elementor-col-100 elementor-top-column elementor-element elementor-element-8fb010d elementor-invisible\" data-id=\"8fb010d\" data-element_type=\"column\" data-settings=\"{&quot;background_background&quot;:&quot;classic&quot;,&quot;animation&quot;:&quot;fadeInRight&quot;}\">\n\t\t\t<div class=\"elementor-widget-wrap elementor-element-populated\">\n\t\t\t\t\t\t\t\t<div class=\"elementor-element elementor-element-5f9d779 elementor-widget elementor-widget-spacer\" data-id=\"5f9d779\" data-element_type=\"widget\" data-widget_type=\"spacer.default\">\n\t\t\t\t<div class=\"elementor-widget-container\">\n\t\t\t\t\t<div class=\"elementor-spacer\">\n\t\t\t<div class=\"elementor-spacer-inner\"><\/div>\n\t\t<\/div>\n\t\t\t\t<\/div>\n\t\t\t\t<\/div>\n\t\t\t\t\t<\/div>\n\t\t<\/div>\n\t\t\t\t\t\t\t<\/div>\n\t\t<\/section>\n\t\t\t\t<section class=\"elementor-section elementor-top-section elementor-element elementor-element-f1ea228 elementor-section-boxed elementor-section-height-default elementor-section-height-default\" data-id=\"f1ea228\" data-element_type=\"section\">\n\t\t\t\t\t\t<div class=\"elementor-container elementor-column-gap-default\">\n\t\t\t\t\t<div class=\"elementor-column elementor-col-33 elementor-top-column elementor-element elementor-element-b8cc768 elementor-invisible\" data-id=\"b8cc768\" data-element_type=\"column\" data-settings=\"{&quot;animation&quot;:&quot;fadeInUp&quot;}\">\n\t\t\t<div class=\"elementor-widget-wrap elementor-element-populated\">\n\t\t\t\t\t\t\t\t<div class=\"elementor-element elementor-element-31e2794 elementor-invisible elementor-widget elementor-widget-ova_box_learnmore\" data-id=\"31e2794\" data-element_type=\"widget\" data-settings=\"{&quot;_animation&quot;:&quot;fadeInUp&quot;}\" data-widget_type=\"ova_box_learnmore.default\">\n\t\t\t\t<div class=\"elementor-widget-container\">\n\t\t\t\t\t<div class=\"ova_box_learnmore\">\n\t\t\t<div class=\"content\">\n\t\t\t\t\t\t\t\t\t\t<p class=\"title second_font\">\n\t\t\t\t\t\t\tPre-Treatment <br>Chemicals\t\t\t\t\t\t<\/p>\n\t\t\t\t\t\t\n\t\t\t\t\t\t\t\t\t\t<a class=\"ova-learn-more second_font\" href=\"https:\/\/www.molkimya.com.tr\/en\/on-islem-kimyasallari\/\" >\n\t\t\t\t\t\t\tProducts\t\t\t\t\t\t\t<i data-feather=\"chevron-right\"><\/i>\n\t\t\t\t\t\t<\/a>\n\t\t\t\t\t\t\t\t\t<\/div>\n\t\t<\/div>\n\t\t\t\t<\/div>\n\t\t\t\t<\/div>\n\t\t\t\t\t<\/div>\n\t\t<\/div>\n\t\t\t\t<div class=\"elementor-column elementor-col-33 elementor-top-column elementor-element elementor-element-7b9dac5\" data-id=\"7b9dac5\" data-element_type=\"column\">\n\t\t\t<div class=\"elementor-widget-wrap elementor-element-populated\">\n\t\t\t\t\t\t\t\t<div class=\"elementor-element elementor-element-b11b430 elementor-invisible elementor-widget elementor-widget-ova_box_learnmore\" data-id=\"b11b430\" data-element_type=\"widget\" data-settings=\"{&quot;_animation&quot;:&quot;fadeInDown&quot;}\" data-widget_type=\"ova_box_learnmore.default\">\n\t\t\t\t<div class=\"elementor-widget-container\">\n\t\t\t\t\t<div class=\"ova_box_learnmore\">\n\t\t\t<div class=\"content\">\n\t\t\t\t\t\t\t\t\t\t<p class=\"title second_font\">\n\t\t\t\t\t\t\tDyeing  Auxiliary Chemicals\t\t\t\t\t\t<\/p>\n\t\t\t\t\t\t\n\t\t\t\t\t\t\t\t\t\t<a class=\"ova-learn-more second_font\" href=\"https:\/\/www.molkimya.com.tr\/en\/boya-yardimcilari\/\" >\n\t\t\t\t\t\t\tProducts\t\t\t\t\t\t\t<i data-feather=\"chevron-right\"><\/i>\n\t\t\t\t\t\t<\/a>\n\t\t\t\t\t\t\t\t\t<\/div>\n\t\t<\/div>\n\t\t\t\t<\/div>\n\t\t\t\t<\/div>\n\t\t\t\t\t<\/div>\n\t\t<\/div>\n\t\t\t\t<div class=\"elementor-column elementor-col-33 elementor-top-column elementor-element elementor-element-fbbb129\" data-id=\"fbbb129\" data-element_type=\"column\">\n\t\t\t<div class=\"elementor-widget-wrap elementor-element-populated\">\n\t\t\t\t\t\t\t\t<div class=\"elementor-element elementor-element-b4122ab elementor-invisible elementor-widget elementor-widget-ova_box_learnmore\" data-id=\"b4122ab\" data-element_type=\"widget\" data-settings=\"{&quot;_animation&quot;:&quot;fadeInUp&quot;}\" data-widget_type=\"ova_box_learnmore.default\">\n\t\t\t\t<div class=\"elementor-widget-container\">\n\t\t\t\t\t<div class=\"ova_box_learnmore\">\n\t\t\t<div class=\"content\">\n\t\t\t\t\t\t\t\t\t\t<p class=\"title second_font\">\n\t\t\t\t\t\t\tFinishing Chemicals\t\t\t\t\t\t<\/p>\n\t\t\t\t\t\t\n\t\t\t\t\t\t\t\t\t\t<a class=\"ova-learn-more second_font\" href=\"https:\/\/www.molkimya.com.tr\/en\/bitis-islem-kimyasallari\/\" >\n\t\t\t\t\t\t\tProducts\t\t\t\t\t\t\t<i data-feather=\"chevron-right\"><\/i>\n\t\t\t\t\t\t<\/a>\n\t\t\t\t\t\t\t\t\t<\/div>\n\t\t<\/div>\n\t\t\t\t<\/div>\n\t\t\t\t<\/div>\n\t\t\t\t\t<\/div>\n\t\t<\/div>\n\t\t\t\t\t\t\t<\/div>\n\t\t<\/section>\n\t\t\t\t<section class=\"elementor-section elementor-top-section elementor-element elementor-element-a238b97 elementor-section-boxed elementor-section-height-default elementor-section-height-default\" data-id=\"a238b97\" data-element_type=\"section\">\n\t\t\t\t\t\t<div class=\"elementor-container elementor-column-gap-default\">\n\t\t\t\t\t<div class=\"elementor-column elementor-col-33 elementor-top-column elementor-element elementor-element-cf32def\" data-id=\"cf32def\" data-element_type=\"column\">\n\t\t\t<div class=\"elementor-widget-wrap elementor-element-populated\">\n\t\t\t\t\t\t\t\t<div class=\"elementor-element elementor-element-9f32232 elementor-invisible elementor-widget elementor-widget-ova_box_learnmore\" data-id=\"9f32232\" data-element_type=\"widget\" data-settings=\"{&quot;_animation&quot;:&quot;fadeInUp&quot;}\" data-widget_type=\"ova_box_learnmore.default\">\n\t\t\t\t<div class=\"elementor-widget-container\">\n\t\t\t\t\t<div class=\"ova_box_learnmore\">\n\t\t\t<div class=\"content\">\n\t\t\t\t\t\t\t\t\t\t<p class=\"title second_font\">\n\t\t\t\t\t\t\tOptical Brighteners&amp;Special Chemicals\n\t\t\t\t\t\t<\/p>\n\t\t\t\t\t\t\n\t\t\t\t\t\t\t\t\t\t<a class=\"ova-learn-more second_font\" href=\"https:\/\/www.molkimya.com.tr\/en\/optikler-ozel-kimyasallar\/\" >\n\t\t\t\t\t\t\tProducts\t\t\t\t\t\t\t<i data-feather=\"chevron-right\"><\/i>\n\t\t\t\t\t\t<\/a>\n\t\t\t\t\t\t\t\t\t<\/div>\n\t\t<\/div>\n\t\t\t\t<\/div>\n\t\t\t\t<\/div>\n\t\t\t\t\t<\/div>\n\t\t<\/div>\n\t\t\t\t<div class=\"elementor-column elementor-col-33 elementor-top-column elementor-element elementor-element-ce88a68\" data-id=\"ce88a68\" data-element_type=\"column\">\n\t\t\t<div class=\"elementor-widget-wrap elementor-element-populated\">\n\t\t\t\t\t\t\t\t<div class=\"elementor-element elementor-element-5da7da6 elementor-invisible elementor-widget elementor-widget-ova_box_learnmore\" data-id=\"5da7da6\" data-element_type=\"widget\" data-settings=\"{&quot;_animation&quot;:&quot;fadeInDown&quot;}\" data-widget_type=\"ova_box_learnmore.default\">\n\t\t\t\t<div class=\"elementor-widget-container\">\n\t\t\t\t\t<div class=\"ova_box_learnmore\">\n\t\t\t<div class=\"content\">\n\t\t\t\t\t\t\t\t\t\t<p class=\"title second_font\">\n\t\t\t\t\t\t\tTextile Printing Thickeners\t\t\t\t\t\t<\/p>\n\t\t\t\t\t\t\n\t\t\t\t\t\t\t\t\t\t<a class=\"ova-learn-more second_font\" href=\"https:\/\/www.molkimya.com.tr\/en\/baski-patlari\/\" >\n\t\t\t\t\t\t\tProducts\t\t\t\t\t\t\t<i data-feather=\"chevron-right\"><\/i>\n\t\t\t\t\t\t<\/a>\n\t\t\t\t\t\t\t\t\t<\/div>\n\t\t<\/div>\n\t\t\t\t<\/div>\n\t\t\t\t<\/div>\n\t\t\t\t\t<\/div>\n\t\t<\/div>\n\t\t\t\t<div class=\"elementor-column elementor-col-33 elementor-top-column elementor-element elementor-element-b52cc20\" data-id=\"b52cc20\" data-element_type=\"column\">\n\t\t\t<div class=\"elementor-widget-wrap elementor-element-populated\">\n\t\t\t\t\t\t\t\t<div class=\"elementor-element elementor-element-c46e1b1 elementor-invisible elementor-widget elementor-widget-ova_box_learnmore\" data-id=\"c46e1b1\" data-element_type=\"widget\" data-settings=\"{&quot;_animation&quot;:&quot;fadeInUp&quot;}\" data-widget_type=\"ova_box_learnmore.default\">\n\t\t\t\t<div class=\"elementor-widget-container\">\n\t\t\t\t\t<div class=\"ova_box_learnmore\">\n\t\t\t<div class=\"content\">\n\t\t\t\t\t\t\t\t\t\t<p class=\"title second_font\">\n\t\t\t\t\t\t\tGeneral <br> Chemicals\t\t\t\t\t\t<\/p>\n\t\t\t\t\t\t\n\t\t\t\t\t\t\t\t\t\t<a class=\"ova-learn-more second_font\" href=\"https:\/\/www.molkimya.com.tr\/en\/ana-kimyasallar\/\" >\n\t\t\t\t\t\t\tProducts\t\t\t\t\t\t\t<i data-feather=\"chevron-right\"><\/i>\n\t\t\t\t\t\t<\/a>\n\t\t\t\t\t\t\t\t\t<\/div>\n\t\t<\/div>\n\t\t\t\t<\/div>\n\t\t\t\t<\/div>\n\t\t\t\t\t<\/div>\n\t\t<\/div>\n\t\t\t\t\t\t\t<\/div>\n\t\t<\/section>\n\t\t\t\t\t\t<\/div>\n\t\t\t\t\t<\/div>","protected":false},"excerpt":{"rendered":"<p>\u00d6n \u0130\u015flem Kimyasallar\u0131 \u00dcr\u00fcnler Boya Yard\u0131mc\u0131 Kimyasallar\u0131 \u00dcr\u00fcnler Biti\u015f \u0130\u015flemi Kimyasallar\u0131 \u00dcr\u00fcnler Optikler&#038;\u00d6zel Kimyasallar \u00dcr\u00fcnler Bask\u0131 Patlar\u0131 \u00dcr\u00fcnler Ana Kimyasallar \u00dcr\u00fcnler<\/p>","protected":false},"author":1,"featured_media":623,"parent":0,"menu_order":0,"comment_status":"closed","ping_status":"closed","template":"elementor_header_footer","meta":{"footnotes":""},"class_list":["post-730","page","type-page","status-publish","has-post-thumbnail","hentry"],"yoast_head":"<!-- This site is optimized with the Yoast SEO plugin v24.6 - https:\/\/yoast.com\/wordpress\/plugins\/seo\/ -->\n<title>\u00dcr\u00fcnler - Mol Kimya<\/title>\n<meta name=\"robots\" content=\"index, follow, max-snippet:-1, max-image-preview:large, max-video-preview:-1\" \/>\n<link rel=\"canonical\" href=\"https:\/\/www.molkimya.com.tr\/en\/urunler\/\" \/>\n<meta property=\"og:locale\" content=\"en_US\" \/>\n<meta property=\"og:type\" content=\"article\" \/>\n<meta property=\"og:title\" content=\"\u00dcr\u00fcnler - Mol Kimya\" \/>\n<meta property=\"og:description\" content=\"\u00d6n \u0130\u015flem Kimyasallar\u0131 \u00dcr\u00fcnler Boya Yard\u0131mc\u0131 Kimyasallar\u0131 \u00dcr\u00fcnler Biti\u015f \u0130\u015flemi Kimyasallar\u0131 \u00dcr\u00fcnler Optikler&#038;\u00d6zel Kimyasallar \u00dcr\u00fcnler Bask\u0131 Patlar\u0131 \u00dcr\u00fcnler Ana Kimyasallar \u00dcr\u00fcnler\" \/>\n<meta property=\"og:url\" content=\"https:\/\/www.molkimya.com.tr\/en\/urunler\/\" \/>\n<meta property=\"og:site_name\" content=\"Mol Kimya\" \/>\n<meta property=\"article:modified_time\" content=\"2021-07-10T11:15:14+00:00\" \/>\n<meta property=\"og:image\" content=\"https:\/\/www.molkimya.com.tr\/wp-content\/uploads\/2020\/07\/bg_department.jpg\" \/>\n\t<meta property=\"og:image:width\" content=\"1920\" \/>\n\t<meta property=\"og:image:height\" content=\"300\" \/>\n\t<meta property=\"og:image:type\" content=\"image\/jpeg\" \/>\n<meta name=\"twitter:card\" content=\"summary_large_image\" \/>\n<script type=\"application\/ld+json\" class=\"yoast-schema-graph\">{\"@context\":\"https:\/\/schema.org\",\"@graph\":[{\"@type\":\"WebPage\",\"@id\":\"https:\/\/www.molkimya.com.tr\/urunler\/\",\"url\":\"https:\/\/www.molkimya.com.tr\/urunler\/\",\"name\":\"\u00dcr\u00fcnler - Mol Kimya\",\"isPartOf\":{\"@id\":\"https:\/\/www.molkimya.com.tr\/#website\"},\"primaryImageOfPage\":{\"@id\":\"https:\/\/www.molkimya.com.tr\/urunler\/#primaryimage\"},\"image\":{\"@id\":\"https:\/\/www.molkimya.com.tr\/urunler\/#primaryimage\"},\"thumbnailUrl\":\"https:\/\/www.molkimya.com.tr\/wp-content\/uploads\/2020\/07\/bg_department.jpg\",\"datePublished\":\"2020-07-28T23:27:29+00:00\",\"dateModified\":\"2021-07-10T11:15:14+00:00\",\"breadcrumb\":{\"@id\":\"https:\/\/www.molkimya.com.tr\/urunler\/#breadcrumb\"},\"inLanguage\":\"en-US\",\"potentialAction\":[{\"@type\":\"ReadAction\",\"target\":[\"https:\/\/www.molkimya.com.tr\/urunler\/\"]}]},{\"@type\":\"ImageObject\",\"inLanguage\":\"en-US\",\"@id\":\"https:\/\/www.molkimya.com.tr\/urunler\/#primaryimage\",\"url\":\"https:\/\/www.molkimya.com.tr\/wp-content\/uploads\/2020\/07\/bg_department.jpg\",\"contentUrl\":\"https:\/\/www.molkimya.com.tr\/wp-content\/uploads\/2020\/07\/bg_department.jpg\",\"width\":1920,\"height\":300},{\"@type\":\"BreadcrumbList\",\"@id\":\"https:\/\/www.molkimya.com.tr\/urunler\/#breadcrumb\",\"itemListElement\":[{\"@type\":\"ListItem\",\"position\":1,\"name\":\"Ana sayfa\",\"item\":\"https:\/\/www.molkimya.com.tr\/\"},{\"@type\":\"ListItem\",\"position\":2,\"name\":\"\u00dcr\u00fcnler\"}]},{\"@type\":\"WebSite\",\"@id\":\"https:\/\/www.molkimya.com.tr\/#website\",\"url\":\"https:\/\/www.molkimya.com.tr\/\",\"name\":\"Mol Kimya\",\"description\":\"Kimyasal \u00c7\u00f6z\u00fcm Orta\u011f\u0131n\u0131z\",\"alternateName\":\"molkimya.com\",\"potentialAction\":[{\"@type\":\"SearchAction\",\"target\":{\"@type\":\"EntryPoint\",\"urlTemplate\":\"https:\/\/www.molkimya.com.tr\/?s={search_term_string}\"},\"query-input\":{\"@type\":\"PropertyValueSpecification\",\"valueRequired\":true,\"valueName\":\"search_term_string\"}}],\"inLanguage\":\"en-US\"}]}<\/script>\n<!-- \/ Yoast SEO plugin. -->","yoast_head_json":{"title":"\u00dcr\u00fcnler - Mol Kimya","robots":{"index":"index","follow":"follow","max-snippet":"max-snippet:-1","max-image-preview":"max-image-preview:large","max-video-preview":"max-video-preview:-1"},"canonical":"https:\/\/www.molkimya.com.tr\/en\/urunler\/","og_locale":"en_US","og_type":"article","og_title":"\u00dcr\u00fcnler - Mol Kimya","og_description":"\u00d6n \u0130\u015flem Kimyasallar\u0131 \u00dcr\u00fcnler Boya Yard\u0131mc\u0131 Kimyasallar\u0131 \u00dcr\u00fcnler Biti\u015f \u0130\u015flemi Kimyasallar\u0131 \u00dcr\u00fcnler Optikler&#038;\u00d6zel Kimyasallar \u00dcr\u00fcnler Bask\u0131 Patlar\u0131 \u00dcr\u00fcnler Ana Kimyasallar \u00dcr\u00fcnler","og_url":"https:\/\/www.molkimya.com.tr\/en\/urunler\/","og_site_name":"Mol Kimya","article_modified_time":"2021-07-10T11:15:14+00:00","og_image":[{"width":1920,"height":300,"url":"https:\/\/www.molkimya.com.tr\/wp-content\/uploads\/2020\/07\/bg_department.jpg","type":"image\/jpeg"}],"twitter_card":"summary_large_image","schema":{"@context":"https:\/\/schema.org","@graph":[{"@type":"WebPage","@id":"https:\/\/www.molkimya.com.tr\/urunler\/","url":"https:\/\/www.molkimya.com.tr\/urunler\/","name":"\u00dcr\u00fcnler - Mol Kimya","isPartOf":{"@id":"https:\/\/www.molkimya.com.tr\/#website"},"primaryImageOfPage":{"@id":"https:\/\/www.molkimya.com.tr\/urunler\/#primaryimage"},"image":{"@id":"https:\/\/www.molkimya.com.tr\/urunler\/#primaryimage"},"thumbnailUrl":"https:\/\/www.molkimya.com.tr\/wp-content\/uploads\/2020\/07\/bg_department.jpg","datePublished":"2020-07-28T23:27:29+00:00","dateModified":"2021-07-10T11:15:14+00:00","breadcrumb":{"@id":"https:\/\/www.molkimya.com.tr\/urunler\/#breadcrumb"},"inLanguage":"en-US","potentialAction":[{"@type":"ReadAction","target":["https:\/\/www.molkimya.com.tr\/urunler\/"]}]},{"@type":"ImageObject","inLanguage":"en-US","@id":"https:\/\/www.molkimya.com.tr\/urunler\/#primaryimage","url":"https:\/\/www.molkimya.com.tr\/wp-content\/uploads\/2020\/07\/bg_department.jpg","contentUrl":"https:\/\/www.molkimya.com.tr\/wp-content\/uploads\/2020\/07\/bg_department.jpg","width":1920,"height":300},{"@type":"BreadcrumbList","@id":"https:\/\/www.molkimya.com.tr\/urunler\/#breadcrumb","itemListElement":[{"@type":"ListItem","position":1,"name":"Ana sayfa","item":"https:\/\/www.molkimya.com.tr\/"},{"@type":"ListItem","position":2,"name":"\u00dcr\u00fcnler"}]},{"@type":"WebSite","@id":"https:\/\/www.molkimya.com.tr\/#website","url":"https:\/\/www.molkimya.com.tr\/","name":"Mol Kimya","description":"Kimyasal \u00c7\u00f6z\u00fcm Orta\u011f\u0131n\u0131z","alternateName":"molkimya.com","potentialAction":[{"@type":"SearchAction","target":{"@type":"EntryPoint","urlTemplate":"https:\/\/www.molkimya.com.tr\/?s={search_term_string}"},"query-input":{"@type":"PropertyValueSpecification","valueRequired":true,"valueName":"search_term_string"}}],"inLanguage":"en-US"}]}},"_links":{"self":[{"href":"https:\/\/www.molkimya.com.tr\/en\/wp-json\/wp\/v2\/pages\/730","targetHints":{"allow":["GET"]}}],"collection":[{"href":"https:\/\/www.molkimya.com.tr\/en\/wp-json\/wp\/v2\/pages"}],"about":[{"href":"https:\/\/www.molkimya.com.tr\/en\/wp-json\/wp\/v2\/types\/page"}],"author":[{"embeddable":true,"href":"https:\/\/www.molkimya.com.tr\/en\/wp-json\/wp\/v2\/users\/1"}],"replies":[{"embeddable":true,"href":"https:\/\/www.molkimya.com.tr\/en\/wp-json\/wp\/v2\/comments?post=730"}],"version-history":[{"count":155,"href":"https:\/\/www.molkimya.com.tr\/en\/wp-json\/wp\/v2\/pages\/730\/revisions"}],"predecessor-version":[{"id":6261,"href":"https:\/\/www.molkimya.com.tr\/en\/wp-json\/wp\/v2\/pages\/730\/revisions\/6261"}],"wp:featuredmedia":[{"embeddable":true,"href":"https:\/\/www.molkimya.com.tr\/en\/wp-json\/wp\/v2\/media\/623"}],"wp:attachment":[{"href":"https:\/\/www.molkimya.com.tr\/en\/wp-json\/wp\/v2\/media?parent=730"}],"curies":[{"name":"wp","href":"https:\/\/api.w.org\/{rel}","templated":true}]}}