{"id":823,"date":"2020-08-01T09:09:05","date_gmt":"2020-08-01T06:09:05","guid":{"rendered":"http:\/\/demo.ovathemes.com\/egovt\/?page_id=823"},"modified":"2023-08-25T20:14:01","modified_gmt":"2023-08-25T17:14:01","slug":"vizyon-misyon","status":"publish","type":"page","link":"https:\/\/www.molkimya.com.tr\/en\/vizyon-misyon\/","title":{"rendered":"Vision&amp;Mission"},"content":{"rendered":"<div data-elementor-type=\"wp-page\" data-elementor-id=\"823\" class=\"elementor elementor-823\" data-elementor-settings=\"[]\">\n\t\t\t\t\t\t\t<div class=\"elementor-section-wrap\">\n\t\t\t\t\t\t\t<section class=\"elementor-section elementor-top-section elementor-element elementor-element-feeccb7 elementor-section-boxed elementor-section-height-default elementor-section-height-default\" data-id=\"feeccb7\" data-element_type=\"section\" data-settings=\"{&quot;background_background&quot;:&quot;classic&quot;}\">\n\t\t\t\t\t\t<div class=\"elementor-container elementor-column-gap-default\">\n\t\t\t\t\t<div class=\"elementor-column elementor-col-50 elementor-top-column elementor-element elementor-element-7ad3716\" data-id=\"7ad3716\" data-element_type=\"column\">\n\t\t\t<div class=\"elementor-widget-wrap elementor-element-populated\">\n\t\t\t\t\t\t\t\t<div class=\"elementor-element elementor-element-f53e959 elementor-widget elementor-widget-heading\" data-id=\"f53e959\" data-element_type=\"widget\" data-widget_type=\"heading.default\">\n\t\t\t\t<div class=\"elementor-widget-container\">\n\t\t\t<h2 class=\"elementor-heading-title elementor-size-default\">Vision&amp;Mission<\/h2>\t\t<\/div>\n\t\t\t\t<\/div>\n\t\t\t\t<div class=\"elementor-element elementor-element-9d29f82 elementor-widget elementor-widget-text-editor\" data-id=\"9d29f82\" data-element_type=\"widget\" data-widget_type=\"text-editor.default\">\n\t\t\t\t<div class=\"elementor-widget-container\">\n\t\t\t\t\t\t\t\t<h3><span style=\"text-decoration: underline;\"><strong>Mission<\/strong><\/span><\/h3><p>To provide integral products and exceptional service to the chemical industry while sustaining a stable and consistent reputation through innovative intelligence. We do this in a safe and healthy work environment for our employees and adhere to all local, national and international regulations.<\/p><h3><span style=\"text-decoration: underline;\">Vision<\/span><\/h3><p>To be a competitive leader in the chemical sector locally and globally by constantly developing and upgrading our products while remaining true to our core values.<\/p>\t\t\t\t\t\t<\/div>\n\t\t\t\t<\/div>\n\t\t\t\t\t<\/div>\n\t\t<\/div>\n\t\t\t\t<div class=\"elementor-column elementor-col-50 elementor-top-column elementor-element elementor-element-c706412\" data-id=\"c706412\" data-element_type=\"column\">\n\t\t\t<div class=\"elementor-widget-wrap elementor-element-populated\">\n\t\t\t\t\t\t\t\t<div class=\"elementor-element elementor-element-7e3f4d6 elementor-widget elementor-widget-image\" data-id=\"7e3f4d6\" data-element_type=\"widget\" data-widget_type=\"image.default\">\n\t\t\t\t<div class=\"elementor-widget-container\">\n\t\t\t\t\t\t\t\t\t\t\t\t\t\t\t<img decoding=\"async\" width=\"800\" height=\"535\" data-src=\"https:\/\/www.molkimya.com.tr\/wp-content\/uploads\/2021\/06\/Focus.jpg\" class=\"attachment-large size-large lazyload\" alt=\"\" data-srcset=\"https:\/\/www.molkimya.com.tr\/wp-content\/uploads\/2021\/06\/Focus.jpg 800w, https:\/\/www.molkimya.com.tr\/wp-content\/uploads\/2021\/06\/Focus-300x201.jpg 300w, https:\/\/www.molkimya.com.tr\/wp-content\/uploads\/2021\/06\/Focus-768x514.jpg 768w, https:\/\/www.molkimya.com.tr\/wp-content\/uploads\/2021\/06\/Focus-600x401.jpg 600w, https:\/\/www.molkimya.com.tr\/wp-content\/uploads\/2021\/06\/Focus-560x375.jpg 560w\" data-sizes=\"(max-width: 800px) 100vw, 800px\" src=\"data:image\/svg+xml;base64,PHN2ZyB3aWR0aD0iMSIgaGVpZ2h0PSIxIiB4bWxucz0iaHR0cDovL3d3dy53My5vcmcvMjAwMC9zdmciPjwvc3ZnPg==\" style=\"--smush-placeholder-width: 800px; --smush-placeholder-aspect-ratio: 800\/535;\" \/>\t\t\t\t\t\t\t\t\t\t\t\t\t\t\t<\/div>\n\t\t\t\t<\/div>\n\t\t\t\t\t<\/div>\n\t\t<\/div>\n\t\t\t\t\t\t\t<\/div>\n\t\t<\/section>\n\t\t\t\t<section class=\"elementor-section elementor-top-section elementor-element elementor-element-096138f elementor-section-boxed elementor-section-height-default elementor-section-height-default\" data-id=\"096138f\" data-element_type=\"section\" data-settings=\"{&quot;background_background&quot;:&quot;classic&quot;}\">\n\t\t\t\t\t\t<div class=\"elementor-container elementor-column-gap-default\">\n\t\t\t\t\t<div class=\"elementor-column elementor-col-50 elementor-top-column elementor-element elementor-element-8830b22\" data-id=\"8830b22\" data-element_type=\"column\">\n\t\t\t<div class=\"elementor-widget-wrap elementor-element-populated\">\n\t\t\t\t\t\t\t\t<div class=\"elementor-element elementor-element-ff06b16 elementor-widget elementor-widget-heading\" data-id=\"ff06b16\" data-element_type=\"widget\" data-widget_type=\"heading.default\">\n\t\t\t\t<div class=\"elementor-widget-container\">\n\t\t\t<h2 class=\"elementor-heading-title elementor-size-default\"> <br><\/h2>\t\t<\/div>\n\t\t\t\t<\/div>\n\t\t\t\t<div class=\"elementor-element elementor-element-6ad4c53 elementor-widget elementor-widget-text-editor\" data-id=\"6ad4c53\" data-element_type=\"widget\" data-widget_type=\"text-editor.default\">\n\t\t\t\t<div class=\"elementor-widget-container\">\n\t\t\t\t\t\t\t\t\t\t\t\t\t\t<\/div>\n\t\t\t\t<\/div>\n\t\t\t\t\t<\/div>\n\t\t<\/div>\n\t\t\t\t<div class=\"elementor-column elementor-col-50 elementor-top-column elementor-element elementor-element-9cdb718\" data-id=\"9cdb718\" data-element_type=\"column\">\n\t\t\t<div class=\"elementor-widget-wrap\">\n\t\t\t\t\t\t\t\t\t<\/div>\n\t\t<\/div>\n\t\t\t\t\t\t\t<\/div>\n\t\t<\/section>\n\t\t\t\t<section class=\"elementor-section elementor-top-section elementor-element elementor-element-ed36fa3 elementor-section-boxed elementor-section-height-default elementor-section-height-default\" data-id=\"ed36fa3\" data-element_type=\"section\">\n\t\t\t\t\t\t<div class=\"elementor-container elementor-column-gap-default\">\n\t\t\t\t\t<div class=\"elementor-column elementor-col-100 elementor-top-column elementor-element elementor-element-7d829b4\" data-id=\"7d829b4\" data-element_type=\"column\">\n\t\t\t<div class=\"elementor-widget-wrap elementor-element-populated\">\n\t\t\t\t\t\t\t\t<div class=\"elementor-element elementor-element-6fa8ee2 elementor-widget elementor-widget-heading\" data-id=\"6fa8ee2\" data-element_type=\"widget\" data-widget_type=\"heading.default\">\n\t\t\t\t<div class=\"elementor-widget-container\">\n\t\t\t<h6 class=\"elementor-heading-title elementor-size-default\">Do You Need Support ?<\/h6>\t\t<\/div>\n\t\t\t\t<\/div>\n\t\t\t\t<div class=\"elementor-element elementor-element-4c854b8 elementor-widget elementor-widget-heading\" data-id=\"4c854b8\" data-element_type=\"widget\" data-widget_type=\"heading.default\">\n\t\t\t\t<div class=\"elementor-widget-container\">\n\t\t\t<h2 class=\"elementor-heading-title elementor-size-default\"><br><\/h2>\t\t<\/div>\n\t\t\t\t<\/div>\n\t\t\t\t<div class=\"elementor-element elementor-element-f39c899 elementor-widget elementor-widget-text-editor\" data-id=\"f39c899\" data-element_type=\"widget\" data-widget_type=\"text-editor.default\">\n\t\t\t\t<div class=\"elementor-widget-container\">\n\t\t\t\t\t\t\t\t<p class=\" translation-block\">You can send a message  <a href=\"tel:+90 (224) 372 66 91\" target=\"_self\">+90 (224) 372 66 91<\/a> or\n  <a href=\"mailto:destek@molkimya.com.tr\" target=\"_self\">destek@molkimya.com.tr<\/a><\/p>\t\t\t\t\t\t<\/div>\n\t\t\t\t<\/div>\n\t\t\t\t\t<\/div>\n\t\t<\/div>\n\t\t\t\t\t\t\t<\/div>\n\t\t<\/section>\n\t\t\t\t\t\t<\/div>\n\t\t\t\t\t<\/div>","protected":false},"excerpt":{"rendered":"<p>Vizyon&#038;Misyon Misyon Mol Kimya istikrarl\u0131 bir b\u00fcy\u00fcme sa\u011flayarak kimya alan\u0131ndaki b\u00fcy\u00fckl\u00fc\u011f\u00fcn\u00fc ve \u00fcr\u00fcn \u00e7e\u015fitlili\u011fini artt\u0131r\u0131rken bunlar\u0131n yan\u0131nda m\u00fc\u015fterilerine ve \u00e7evreye \u00a0duyarl\u0131 olmay\u0131 ama\u00e7 edinmi\u015ftir. Vizyon Mol Kimya \u00a0kendi sekt\u00f6r\u00fcnde \u00fcretim yapan ve \u00fclke ekonomisine katk\u0131 sa\u011flayarak T\u00fcrkiye\u2019nin \u00f6nde gelen kimya \u015firketlerinden biri olmay\u0131 \u00a0hedeflemektedir. Deste\u011fe \u0130htiyac\u0131n\u0131z Var M\u0131? +90 (224) 372 66 91 telefon numaras\u0131ndan [&hellip;]<\/p>","protected":false},"author":1,"featured_media":859,"parent":0,"menu_order":0,"comment_status":"closed","ping_status":"closed","template":"elementor_header_footer","meta":{"footnotes":""},"class_list":["post-823","page","type-page","status-publish","has-post-thumbnail","hentry"],"yoast_head":"<!-- This site is optimized with the Yoast SEO plugin v24.6 - https:\/\/yoast.com\/wordpress\/plugins\/seo\/ -->\n<title>Vizyon&amp;Misyon - Mol Kimya<\/title>\n<meta name=\"robots\" content=\"index, follow, max-snippet:-1, max-image-preview:large, max-video-preview:-1\" \/>\n<link rel=\"canonical\" href=\"https:\/\/www.molkimya.com.tr\/en\/vizyon-misyon\/\" \/>\n<meta property=\"og:locale\" content=\"en_US\" \/>\n<meta property=\"og:type\" content=\"article\" \/>\n<meta property=\"og:title\" content=\"Vizyon&amp;Misyon - Mol Kimya\" \/>\n<meta property=\"og:description\" content=\"Vizyon&#038;Misyon Misyon Mol Kimya istikrarl\u0131 bir b\u00fcy\u00fcme sa\u011flayarak kimya alan\u0131ndaki b\u00fcy\u00fckl\u00fc\u011f\u00fcn\u00fc ve \u00fcr\u00fcn \u00e7e\u015fitlili\u011fini artt\u0131r\u0131rken bunlar\u0131n yan\u0131nda m\u00fc\u015fterilerine ve \u00e7evreye \u00a0duyarl\u0131 olmay\u0131 ama\u00e7 edinmi\u015ftir. Vizyon Mol Kimya \u00a0kendi sekt\u00f6r\u00fcnde \u00fcretim yapan ve \u00fclke ekonomisine katk\u0131 sa\u011flayarak T\u00fcrkiye\u2019nin \u00f6nde gelen kimya \u015firketlerinden biri olmay\u0131 \u00a0hedeflemektedir. Deste\u011fe \u0130htiyac\u0131n\u0131z Var M\u0131? +90 (224) 372 66 91 telefon numaras\u0131ndan [&hellip;]\" \/>\n<meta property=\"og:url\" content=\"https:\/\/www.molkimya.com.tr\/en\/vizyon-misyon\/\" \/>\n<meta property=\"og:site_name\" content=\"Mol Kimya\" \/>\n<meta property=\"article:modified_time\" content=\"2023-08-25T17:14:01+00:00\" \/>\n<meta property=\"og:image\" content=\"https:\/\/www.molkimya.com.tr\/wp-content\/uploads\/2020\/08\/bg_service_page.jpg\" \/>\n\t<meta property=\"og:image:width\" content=\"1920\" \/>\n\t<meta property=\"og:image:height\" content=\"300\" \/>\n\t<meta property=\"og:image:type\" content=\"image\/jpeg\" \/>\n<meta name=\"twitter:card\" content=\"summary_large_image\" \/>\n<script type=\"application\/ld+json\" class=\"yoast-schema-graph\">{\"@context\":\"https:\/\/schema.org\",\"@graph\":[{\"@type\":\"WebPage\",\"@id\":\"https:\/\/www.molkimya.com.tr\/vizyon-misyon\/\",\"url\":\"https:\/\/www.molkimya.com.tr\/vizyon-misyon\/\",\"name\":\"Vizyon&Misyon - Mol Kimya\",\"isPartOf\":{\"@id\":\"https:\/\/www.molkimya.com.tr\/#website\"},\"primaryImageOfPage\":{\"@id\":\"https:\/\/www.molkimya.com.tr\/vizyon-misyon\/#primaryimage\"},\"image\":{\"@id\":\"https:\/\/www.molkimya.com.tr\/vizyon-misyon\/#primaryimage\"},\"thumbnailUrl\":\"https:\/\/www.molkimya.com.tr\/wp-content\/uploads\/2020\/08\/bg_service_page.jpg\",\"datePublished\":\"2020-08-01T06:09:05+00:00\",\"dateModified\":\"2023-08-25T17:14:01+00:00\",\"breadcrumb\":{\"@id\":\"https:\/\/www.molkimya.com.tr\/vizyon-misyon\/#breadcrumb\"},\"inLanguage\":\"en-US\",\"potentialAction\":[{\"@type\":\"ReadAction\",\"target\":[\"https:\/\/www.molkimya.com.tr\/vizyon-misyon\/\"]}]},{\"@type\":\"ImageObject\",\"inLanguage\":\"en-US\",\"@id\":\"https:\/\/www.molkimya.com.tr\/vizyon-misyon\/#primaryimage\",\"url\":\"https:\/\/www.molkimya.com.tr\/wp-content\/uploads\/2020\/08\/bg_service_page.jpg\",\"contentUrl\":\"https:\/\/www.molkimya.com.tr\/wp-content\/uploads\/2020\/08\/bg_service_page.jpg\",\"width\":1920,\"height\":300},{\"@type\":\"BreadcrumbList\",\"@id\":\"https:\/\/www.molkimya.com.tr\/vizyon-misyon\/#breadcrumb\",\"itemListElement\":[{\"@type\":\"ListItem\",\"position\":1,\"name\":\"Ana sayfa\",\"item\":\"https:\/\/www.molkimya.com.tr\/\"},{\"@type\":\"ListItem\",\"position\":2,\"name\":\"Vizyon&#038;Misyon\"}]},{\"@type\":\"WebSite\",\"@id\":\"https:\/\/www.molkimya.com.tr\/#website\",\"url\":\"https:\/\/www.molkimya.com.tr\/\",\"name\":\"Mol Kimya\",\"description\":\"Kimyasal \u00c7\u00f6z\u00fcm Orta\u011f\u0131n\u0131z\",\"alternateName\":\"molkimya.com\",\"potentialAction\":[{\"@type\":\"SearchAction\",\"target\":{\"@type\":\"EntryPoint\",\"urlTemplate\":\"https:\/\/www.molkimya.com.tr\/?s={search_term_string}\"},\"query-input\":{\"@type\":\"PropertyValueSpecification\",\"valueRequired\":true,\"valueName\":\"search_term_string\"}}],\"inLanguage\":\"en-US\"}]}<\/script>\n<!-- \/ Yoast SEO plugin. -->","yoast_head_json":{"title":"Vizyon&Misyon - Mol Kimya","robots":{"index":"index","follow":"follow","max-snippet":"max-snippet:-1","max-image-preview":"max-image-preview:large","max-video-preview":"max-video-preview:-1"},"canonical":"https:\/\/www.molkimya.com.tr\/en\/vizyon-misyon\/","og_locale":"en_US","og_type":"article","og_title":"Vizyon&Misyon - Mol Kimya","og_description":"Vizyon&#038;Misyon Misyon Mol Kimya istikrarl\u0131 bir b\u00fcy\u00fcme sa\u011flayarak kimya alan\u0131ndaki b\u00fcy\u00fckl\u00fc\u011f\u00fcn\u00fc ve \u00fcr\u00fcn \u00e7e\u015fitlili\u011fini artt\u0131r\u0131rken bunlar\u0131n yan\u0131nda m\u00fc\u015fterilerine ve \u00e7evreye \u00a0duyarl\u0131 olmay\u0131 ama\u00e7 edinmi\u015ftir. Vizyon Mol Kimya \u00a0kendi sekt\u00f6r\u00fcnde \u00fcretim yapan ve \u00fclke ekonomisine katk\u0131 sa\u011flayarak T\u00fcrkiye\u2019nin \u00f6nde gelen kimya \u015firketlerinden biri olmay\u0131 \u00a0hedeflemektedir. Deste\u011fe \u0130htiyac\u0131n\u0131z Var M\u0131? +90 (224) 372 66 91 telefon numaras\u0131ndan [&hellip;]","og_url":"https:\/\/www.molkimya.com.tr\/en\/vizyon-misyon\/","og_site_name":"Mol Kimya","article_modified_time":"2023-08-25T17:14:01+00:00","og_image":[{"width":1920,"height":300,"url":"https:\/\/www.molkimya.com.tr\/wp-content\/uploads\/2020\/08\/bg_service_page.jpg","type":"image\/jpeg"}],"twitter_card":"summary_large_image","schema":{"@context":"https:\/\/schema.org","@graph":[{"@type":"WebPage","@id":"https:\/\/www.molkimya.com.tr\/vizyon-misyon\/","url":"https:\/\/www.molkimya.com.tr\/vizyon-misyon\/","name":"Vizyon&Misyon - Mol Kimya","isPartOf":{"@id":"https:\/\/www.molkimya.com.tr\/#website"},"primaryImageOfPage":{"@id":"https:\/\/www.molkimya.com.tr\/vizyon-misyon\/#primaryimage"},"image":{"@id":"https:\/\/www.molkimya.com.tr\/vizyon-misyon\/#primaryimage"},"thumbnailUrl":"https:\/\/www.molkimya.com.tr\/wp-content\/uploads\/2020\/08\/bg_service_page.jpg","datePublished":"2020-08-01T06:09:05+00:00","dateModified":"2023-08-25T17:14:01+00:00","breadcrumb":{"@id":"https:\/\/www.molkimya.com.tr\/vizyon-misyon\/#breadcrumb"},"inLanguage":"en-US","potentialAction":[{"@type":"ReadAction","target":["https:\/\/www.molkimya.com.tr\/vizyon-misyon\/"]}]},{"@type":"ImageObject","inLanguage":"en-US","@id":"https:\/\/www.molkimya.com.tr\/vizyon-misyon\/#primaryimage","url":"https:\/\/www.molkimya.com.tr\/wp-content\/uploads\/2020\/08\/bg_service_page.jpg","contentUrl":"https:\/\/www.molkimya.com.tr\/wp-content\/uploads\/2020\/08\/bg_service_page.jpg","width":1920,"height":300},{"@type":"BreadcrumbList","@id":"https:\/\/www.molkimya.com.tr\/vizyon-misyon\/#breadcrumb","itemListElement":[{"@type":"ListItem","position":1,"name":"Ana sayfa","item":"https:\/\/www.molkimya.com.tr\/"},{"@type":"ListItem","position":2,"name":"Vizyon&#038;Misyon"}]},{"@type":"WebSite","@id":"https:\/\/www.molkimya.com.tr\/#website","url":"https:\/\/www.molkimya.com.tr\/","name":"Mol Kimya","description":"Kimyasal \u00c7\u00f6z\u00fcm Orta\u011f\u0131n\u0131z","alternateName":"molkimya.com","potentialAction":[{"@type":"SearchAction","target":{"@type":"EntryPoint","urlTemplate":"https:\/\/www.molkimya.com.tr\/?s={search_term_string}"},"query-input":{"@type":"PropertyValueSpecification","valueRequired":true,"valueName":"search_term_string"}}],"inLanguage":"en-US"}]}},"_links":{"self":[{"href":"https:\/\/www.molkimya.com.tr\/en\/wp-json\/wp\/v2\/pages\/823","targetHints":{"allow":["GET"]}}],"collection":[{"href":"https:\/\/www.molkimya.com.tr\/en\/wp-json\/wp\/v2\/pages"}],"about":[{"href":"https:\/\/www.molkimya.com.tr\/en\/wp-json\/wp\/v2\/types\/page"}],"author":[{"embeddable":true,"href":"https:\/\/www.molkimya.com.tr\/en\/wp-json\/wp\/v2\/users\/1"}],"replies":[{"embeddable":true,"href":"https:\/\/www.molkimya.com.tr\/en\/wp-json\/wp\/v2\/comments?post=823"}],"version-history":[{"count":59,"href":"https:\/\/www.molkimya.com.tr\/en\/wp-json\/wp\/v2\/pages\/823\/revisions"}],"predecessor-version":[{"id":6409,"href":"https:\/\/www.molkimya.com.tr\/en\/wp-json\/wp\/v2\/pages\/823\/revisions\/6409"}],"wp:featuredmedia":[{"embeddable":true,"href":"https:\/\/www.molkimya.com.tr\/en\/wp-json\/wp\/v2\/media\/859"}],"wp:attachment":[{"href":"https:\/\/www.molkimya.com.tr\/en\/wp-json\/wp\/v2\/media?parent=823"}],"curies":[{"name":"wp","href":"https:\/\/api.w.org\/{rel}","templated":true}]}}